{"id":711,"date":"2026-02-23T15:49:11","date_gmt":"2026-02-23T15:49:11","guid":{"rendered":"https:\/\/intandem.com.ar\/?page_id=711"},"modified":"2026-02-23T16:02:46","modified_gmt":"2026-02-23T16:02:46","slug":"clientes-hydromax","status":"publish","type":"page","link":"https:\/\/intandem.com.ar\/?page_id=711","title":{"rendered":"Clientes &#8211; Hydromax"},"content":{"rendered":"\t\t<div data-elementor-type=\"wp-page\" data-elementor-id=\"711\" class=\"elementor elementor-711\" data-elementor-post-type=\"page\">\n\t\t\t\t<div class=\"elementor-element elementor-element-e62aa7a e-flex e-con-boxed e-con e-parent\" data-id=\"e62aa7a\" data-element_type=\"container\" data-e-type=\"container\" data-settings=\"{&quot;background_background&quot;:&quot;classic&quot;}\">\n\t\t\t\t\t<div class=\"e-con-inner\">\n\t\t\t\t<div class=\"elementor-element elementor-element-aa06cbf elementor-widget elementor-widget-heading\" data-id=\"aa06cbf\" data-element_type=\"widget\" data-e-type=\"widget\" data-widget_type=\"heading.default\">\n\t\t\t\t\t<h1 class=\"elementor-heading-title elementor-size-default\">Clientes<\/h1>\t\t\t\t<\/div>\n\t\t\t\t\t<\/div>\n\t\t\t\t<\/div>\n\t\t<div class=\"elementor-element elementor-element-9b17732 e-con-full e-flex elementor-invisible e-con e-parent\" data-id=\"9b17732\" data-element_type=\"container\" data-e-type=\"container\" data-settings=\"{&quot;background_background&quot;:&quot;classic&quot;,&quot;animation&quot;:&quot;fadeIn&quot;}\">\n\t\t\t\t<div class=\"elementor-element elementor-element-3a91fb9 elementor-invisible elementor-widget elementor-widget-heading\" data-id=\"3a91fb9\" data-element_type=\"widget\" data-e-type=\"widget\" data-settings=\"{&quot;_animation&quot;:&quot;fadeIn&quot;}\" data-widget_type=\"heading.default\">\n\t\t\t\t\t<h1 class=\"elementor-heading-title elementor-size-default\">Conf\u00edan y confiaron en nosotros<\/h1>\t\t\t\t<\/div>\n\t\t<div class=\"elementor-element elementor-element-a9f4221 e-con-full e-flex e-con e-child\" data-id=\"a9f4221\" data-element_type=\"container\" data-e-type=\"container\" data-settings=\"{&quot;background_background&quot;:&quot;classic&quot;}\">\n\t\t\t\t<div class=\"elementor-element elementor-element-c1a4256 elementor-widget elementor-widget-image-carousel\" data-id=\"c1a4256\" data-element_type=\"widget\" data-e-type=\"widget\" data-settings=\"{&quot;slides_to_show&quot;:&quot;6&quot;,&quot;navigation&quot;:&quot;none&quot;,&quot;autoplay_speed&quot;:0,&quot;speed&quot;:5000,&quot;image_spacing_custom&quot;:{&quot;unit&quot;:&quot;px&quot;,&quot;size&quot;:50,&quot;sizes&quot;:[]},&quot;slides_to_show_mobile&quot;:&quot;3&quot;,&quot;autoplay&quot;:&quot;yes&quot;,&quot;infinite&quot;:&quot;yes&quot;,&quot;image_spacing_custom_tablet&quot;:{&quot;unit&quot;:&quot;px&quot;,&quot;size&quot;:&quot;&quot;,&quot;sizes&quot;:[]},&quot;image_spacing_custom_mobile&quot;:{&quot;unit&quot;:&quot;px&quot;,&quot;size&quot;:&quot;&quot;,&quot;sizes&quot;:[]}}\" data-widget_type=\"image-carousel.default\">\n\t\t\t\t\t\t\t<div class=\"elementor-image-carousel-wrapper swiper\" role=\"region\" aria-roledescription=\"carousel\" aria-label=\"Carrusel de im\u00e1genes\" dir=\"ltr\">\n\t\t\t<div class=\"elementor-image-carousel swiper-wrapper\" aria-live=\"off\">\n\t\t\t\t\t\t\t\t<div class=\"swiper-slide\" role=\"group\" aria-roledescription=\"slide\" aria-label=\"1 of 6\"><figure class=\"swiper-slide-inner\"><img decoding=\"async\" class=\"swiper-slide-image\" src=\"https:\/\/intandem.com.ar\/wp-content\/uploads\/2026\/02\/logo-hydromax-1536x473.webp\" alt=\"logo-hydromax\" \/><\/figure><\/div><div class=\"swiper-slide\" role=\"group\" aria-roledescription=\"slide\" aria-label=\"2 of 6\"><figure class=\"swiper-slide-inner\"><img decoding=\"async\" class=\"swiper-slide-image\" src=\"https:\/\/intandem.com.ar\/wp-content\/uploads\/2026\/02\/logo-caminoa.webp\" alt=\"logo-caminoa\" \/><\/figure><\/div><div class=\"swiper-slide\" role=\"group\" aria-roledescription=\"slide\" aria-label=\"3 of 6\"><figure class=\"swiper-slide-inner\"><img decoding=\"async\" class=\"swiper-slide-image\" src=\"https:\/\/intandem.com.ar\/wp-content\/uploads\/2026\/02\/logo-volvo-scaled-e1771868096146-1536x208.webp\" alt=\"logo-volvo\" \/><\/figure><\/div><div class=\"swiper-slide\" role=\"group\" aria-roledescription=\"slide\" aria-label=\"4 of 6\"><figure class=\"swiper-slide-inner\"><img decoding=\"async\" class=\"swiper-slide-image\" src=\"https:\/\/intandem.com.ar\/wp-content\/uploads\/2026\/02\/logo-color-e1771867440638.webp\" alt=\"logo color\" \/><\/figure><\/div><div class=\"swiper-slide\" role=\"group\" aria-roledescription=\"slide\" aria-label=\"5 of 6\"><figure class=\"swiper-slide-inner\"><img decoding=\"async\" class=\"swiper-slide-image\" src=\"https:\/\/intandem.com.ar\/wp-content\/uploads\/2026\/02\/logo-enzob-1536x565.webp\" alt=\"logo-enzob\" \/><\/figure><\/div><div class=\"swiper-slide\" role=\"group\" aria-roledescription=\"slide\" aria-label=\"6 of 6\"><figure class=\"swiper-slide-inner\"><img decoding=\"async\" class=\"swiper-slide-image\" src=\"https:\/\/intandem.com.ar\/wp-content\/uploads\/2026\/02\/logo-boreal.webp\" alt=\"logo-boreal\" \/><\/figure><\/div>\t\t\t<\/div>\n\t\t\t\t\t\t\t\n\t\t\t\t\t\t\t\t\t<\/div>\n\t\t\t\t\t\t<\/div>\n\t\t\t\t<\/div>\n\t\t<div class=\"elementor-element elementor-element-24fe69e e-con-full e-flex e-con e-child\" data-id=\"24fe69e\" data-element_type=\"container\" data-e-type=\"container\" data-settings=\"{&quot;background_background&quot;:&quot;classic&quot;}\">\n\t\t\t\t<div class=\"elementor-element elementor-element-da19030 elementor-widget elementor-widget-image-carousel\" data-id=\"da19030\" data-element_type=\"widget\" data-e-type=\"widget\" data-settings=\"{&quot;slides_to_show&quot;:&quot;6&quot;,&quot;navigation&quot;:&quot;none&quot;,&quot;autoplay_speed&quot;:0,&quot;speed&quot;:5000,&quot;image_spacing_custom&quot;:{&quot;unit&quot;:&quot;px&quot;,&quot;size&quot;:50,&quot;sizes&quot;:[]},&quot;slides_to_show_mobile&quot;:&quot;3&quot;,&quot;autoplay&quot;:&quot;yes&quot;,&quot;infinite&quot;:&quot;yes&quot;,&quot;image_spacing_custom_tablet&quot;:{&quot;unit&quot;:&quot;px&quot;,&quot;size&quot;:&quot;&quot;,&quot;sizes&quot;:[]},&quot;image_spacing_custom_mobile&quot;:{&quot;unit&quot;:&quot;px&quot;,&quot;size&quot;:&quot;&quot;,&quot;sizes&quot;:[]}}\" data-widget_type=\"image-carousel.default\">\n\t\t\t\t\t\t\t<div class=\"elementor-image-carousel-wrapper swiper\" role=\"region\" aria-roledescription=\"carousel\" aria-label=\"Carrusel de im\u00e1genes\" dir=\"rtl\">\n\t\t\t<div class=\"elementor-image-carousel swiper-wrapper\" aria-live=\"off\">\n\t\t\t\t\t\t\t\t<div class=\"swiper-slide\" role=\"group\" aria-roledescription=\"slide\" aria-label=\"1 of 6\"><figure class=\"swiper-slide-inner\"><img decoding=\"async\" class=\"swiper-slide-image\" src=\"https:\/\/intandem.com.ar\/wp-content\/uploads\/2026\/02\/logo-scania.webp\" alt=\"logo-scania\" \/><\/figure><\/div><div class=\"swiper-slide\" role=\"group\" aria-roledescription=\"slide\" aria-label=\"2 of 6\"><figure class=\"swiper-slide-inner\"><img decoding=\"async\" class=\"swiper-slide-image\" src=\"https:\/\/intandem.com.ar\/wp-content\/uploads\/2026\/02\/logo-maderplak.webp\" alt=\"logo-maderplak\" \/><\/figure><\/div><div class=\"swiper-slide\" role=\"group\" aria-roledescription=\"slide\" aria-label=\"3 of 6\"><figure class=\"swiper-slide-inner\"><img decoding=\"async\" class=\"swiper-slide-image\" src=\"https:\/\/intandem.com.ar\/wp-content\/uploads\/2026\/02\/logo-ampere.webp\" alt=\"logo-ampere\" \/><\/figure><\/div><div class=\"swiper-slide\" role=\"group\" aria-roledescription=\"slide\" aria-label=\"4 of 6\"><figure class=\"swiper-slide-inner\"><img decoding=\"async\" class=\"swiper-slide-image\" src=\"https:\/\/intandem.com.ar\/wp-content\/uploads\/2026\/02\/logo-refinor.webp\" alt=\"logo-refinor\" \/><\/figure><\/div><div class=\"swiper-slide\" role=\"group\" aria-roledescription=\"slide\" aria-label=\"5 of 6\"><figure class=\"swiper-slide-inner\"><img decoding=\"async\" class=\"swiper-slide-image\" src=\"https:\/\/intandem.com.ar\/wp-content\/uploads\/2026\/02\/logo-saxum.webp\" alt=\"logo-saxum\" \/><\/figure><\/div><div class=\"swiper-slide\" role=\"group\" aria-roledescription=\"slide\" aria-label=\"6 of 6\"><figure class=\"swiper-slide-inner\"><img decoding=\"async\" class=\"swiper-slide-image\" src=\"https:\/\/intandem.com.ar\/wp-content\/uploads\/2026\/02\/logo-bwa.webp\" alt=\"logo-bwa\" \/><\/figure><\/div>\t\t\t<\/div>\n\t\t\t\t\t\t\t\n\t\t\t\t\t\t\t\t\t<\/div>\n\t\t\t\t\t\t<\/div>\n\t\t\t\t<\/div>\n\t\t\t\t<\/div>\n\t\t<div class=\"elementor-element elementor-element-34f156b e-flex e-con-boxed e-con e-parent\" data-id=\"34f156b\" data-element_type=\"container\" data-e-type=\"container\" data-settings=\"{&quot;background_background&quot;:&quot;classic&quot;}\">\n\t\t\t\t\t<div class=\"e-con-inner\">\n\t\t\t\t<div class=\"elementor-element elementor-element-f743fe7 elementor-invisible elementor-widget elementor-widget-heading\" data-id=\"f743fe7\" data-element_type=\"widget\" data-e-type=\"widget\" data-settings=\"{&quot;_animation&quot;:&quot;fadeInUp&quot;}\" data-widget_type=\"heading.default\">\n\t\t\t\t\t<h2 class=\"elementor-heading-title elementor-size-default\">HYDROMAX INSTALACIONES SANITARIAS<\/h2>\t\t\t\t<\/div>\n\t\t\t\t<div class=\"elementor-element elementor-element-08e63f9 elementor-invisible elementor-widget elementor-widget-text-editor\" data-id=\"08e63f9\" data-element_type=\"widget\" data-e-type=\"widget\" data-settings=\"{&quot;_animation&quot;:&quot;fadeInUp&quot;,&quot;_animation_delay&quot;:600}\" data-widget_type=\"text-editor.default\">\n\t\t\t\t\t\t\t\t\t<p>Marca Local. Estrategia integral de Marketing. Tipolog\u00eda local comercial. P\u00e1gina Web. Redes Sociales. Meta Ads. Campa\u00f1as medios tradicionales: Via p\u00fablica. Acciones promocionales.<\/p>\t\t\t\t\t\t\t\t<\/div>\n\t\t<div class=\"elementor-element elementor-element-7ec74f2 e-con-full e-flex elementor-invisible e-con e-child\" data-id=\"7ec74f2\" data-element_type=\"container\" data-e-type=\"container\" data-settings=\"{&quot;background_background&quot;:&quot;classic&quot;,&quot;animation&quot;:&quot;fadeInUp&quot;}\">\n\t\t<div class=\"elementor-element elementor-element-944121c e-con-full e-flex e-con e-child\" data-id=\"944121c\" data-element_type=\"container\" data-e-type=\"container\">\n\t\t\t\t<div class=\"elementor-element elementor-element-920bb6f elementor-widget elementor-widget-image\" data-id=\"920bb6f\" data-element_type=\"widget\" data-e-type=\"widget\" data-widget_type=\"image.default\">\n\t\t\t\t\t\t\t\t\t\t\t\t\t\t\t<img fetchpriority=\"high\" decoding=\"async\" width=\"800\" height=\"534\" src=\"https:\/\/intandem.com.ar\/wp-content\/uploads\/2026\/02\/hydromax-2-1024x683.webp\" class=\"attachment-large size-large wp-image-674\" alt=\"\" srcset=\"https:\/\/intandem.com.ar\/wp-content\/uploads\/2026\/02\/hydromax-2-1024x683.webp 1024w, https:\/\/intandem.com.ar\/wp-content\/uploads\/2026\/02\/hydromax-2-300x200.webp 300w, https:\/\/intandem.com.ar\/wp-content\/uploads\/2026\/02\/hydromax-2-768x512.webp 768w, https:\/\/intandem.com.ar\/wp-content\/uploads\/2026\/02\/hydromax-2-1536x1024.webp 1536w, https:\/\/intandem.com.ar\/wp-content\/uploads\/2026\/02\/hydromax-2-2048x1366.webp 2048w\" sizes=\"(max-width: 800px) 100vw, 800px\" \/>\t\t\t\t\t\t\t\t\t\t\t\t\t\t\t<\/div>\n\t\t\t\t<\/div>\n\t\t<div class=\"elementor-element elementor-element-69c8e6e e-con-full e-flex e-con e-child\" data-id=\"69c8e6e\" data-element_type=\"container\" data-e-type=\"container\" data-settings=\"{&quot;background_background&quot;:&quot;classic&quot;}\">\n\t\t\t\t<div class=\"elementor-element elementor-element-9aa9dcf elementor-widget elementor-widget-image\" data-id=\"9aa9dcf\" data-element_type=\"widget\" data-e-type=\"widget\" data-widget_type=\"image.default\">\n\t\t\t\t\t\t\t\t\t\t\t\t\t\t\t<img decoding=\"async\" width=\"800\" height=\"644\" src=\"https:\/\/intandem.com.ar\/wp-content\/uploads\/2026\/02\/hydromax-5-1024x824.webp\" class=\"attachment-large size-large wp-image-677\" alt=\"\" srcset=\"https:\/\/intandem.com.ar\/wp-content\/uploads\/2026\/02\/hydromax-5-1024x824.webp 1024w, https:\/\/intandem.com.ar\/wp-content\/uploads\/2026\/02\/hydromax-5-300x241.webp 300w, https:\/\/intandem.com.ar\/wp-content\/uploads\/2026\/02\/hydromax-5-768x618.webp 768w, https:\/\/intandem.com.ar\/wp-content\/uploads\/2026\/02\/hydromax-5-1536x1236.webp 1536w, https:\/\/intandem.com.ar\/wp-content\/uploads\/2026\/02\/hydromax-5-2048x1647.webp 2048w\" sizes=\"(max-width: 800px) 100vw, 800px\" \/>\t\t\t\t\t\t\t\t\t\t\t\t\t\t\t<\/div>\n\t\t\t\t<\/div>\n\t\t\t\t<\/div>\n\t\t<div class=\"elementor-element elementor-element-e1b8db7 e-con-full e-flex elementor-invisible e-con e-child\" data-id=\"e1b8db7\" data-element_type=\"container\" data-e-type=\"container\" data-settings=\"{&quot;animation&quot;:&quot;fadeInUp&quot;}\">\n\t\t<div class=\"elementor-element elementor-element-8deda67 e-con-full e-flex e-con e-child\" data-id=\"8deda67\" data-element_type=\"container\" data-e-type=\"container\">\n\t\t\t\t<div class=\"elementor-element elementor-element-56a89d3 elementor-widget elementor-widget-image\" data-id=\"56a89d3\" data-element_type=\"widget\" data-e-type=\"widget\" data-widget_type=\"image.default\">\n\t\t\t\t\t\t\t\t\t\t\t\t\t\t\t<img decoding=\"async\" width=\"800\" height=\"534\" src=\"https:\/\/intandem.com.ar\/wp-content\/uploads\/2026\/02\/hydromax-1-1024x683.webp\" class=\"attachment-large size-large wp-image-673\" alt=\"\" srcset=\"https:\/\/intandem.com.ar\/wp-content\/uploads\/2026\/02\/hydromax-1-1024x683.webp 1024w, https:\/\/intandem.com.ar\/wp-content\/uploads\/2026\/02\/hydromax-1-300x200.webp 300w, https:\/\/intandem.com.ar\/wp-content\/uploads\/2026\/02\/hydromax-1-768x512.webp 768w, https:\/\/intandem.com.ar\/wp-content\/uploads\/2026\/02\/hydromax-1.webp 1440w\" sizes=\"(max-width: 800px) 100vw, 800px\" \/>\t\t\t\t\t\t\t\t\t\t\t\t\t\t\t<\/div>\n\t\t\t\t<\/div>\n\t\t<div class=\"elementor-element elementor-element-435b02b e-con-full e-flex e-con e-child\" data-id=\"435b02b\" data-element_type=\"container\" data-e-type=\"container\">\n\t\t\t\t<div class=\"elementor-element elementor-element-173577a elementor-widget elementor-widget-image\" data-id=\"173577a\" data-element_type=\"widget\" data-e-type=\"widget\" data-widget_type=\"image.default\">\n\t\t\t\t\t\t\t\t\t\t\t\t\t\t\t<img loading=\"lazy\" decoding=\"async\" width=\"800\" height=\"671\" src=\"https:\/\/intandem.com.ar\/wp-content\/uploads\/2026\/02\/hydromax-8.webp\" class=\"attachment-large size-large wp-image-680\" alt=\"\" srcset=\"https:\/\/intandem.com.ar\/wp-content\/uploads\/2026\/02\/hydromax-8.webp 940w, https:\/\/intandem.com.ar\/wp-content\/uploads\/2026\/02\/hydromax-8-300x251.webp 300w, https:\/\/intandem.com.ar\/wp-content\/uploads\/2026\/02\/hydromax-8-768x644.webp 768w\" sizes=\"(max-width: 800px) 100vw, 800px\" \/>\t\t\t\t\t\t\t\t\t\t\t\t\t\t\t<\/div>\n\t\t\t\t<\/div>\n\t\t<div class=\"elementor-element elementor-element-e42f6f5 e-con-full e-flex e-con e-child\" data-id=\"e42f6f5\" data-element_type=\"container\" data-e-type=\"container\">\n\t\t\t\t<div class=\"elementor-element elementor-element-a416ac2 elementor-widget elementor-widget-image\" data-id=\"a416ac2\" data-element_type=\"widget\" data-e-type=\"widget\" data-widget_type=\"image.default\">\n\t\t\t\t\t\t\t\t\t\t\t\t\t\t\t<img loading=\"lazy\" decoding=\"async\" width=\"800\" height=\"643\" src=\"https:\/\/intandem.com.ar\/wp-content\/uploads\/2026\/02\/hydromax-6-1024x823.webp\" class=\"attachment-large size-large wp-image-678\" alt=\"\" srcset=\"https:\/\/intandem.com.ar\/wp-content\/uploads\/2026\/02\/hydromax-6-1024x823.webp 1024w, https:\/\/intandem.com.ar\/wp-content\/uploads\/2026\/02\/hydromax-6-300x241.webp 300w, https:\/\/intandem.com.ar\/wp-content\/uploads\/2026\/02\/hydromax-6-768x617.webp 768w, https:\/\/intandem.com.ar\/wp-content\/uploads\/2026\/02\/hydromax-6-1536x1234.webp 1536w, https:\/\/intandem.com.ar\/wp-content\/uploads\/2026\/02\/hydromax-6-2048x1645.webp 2048w\" sizes=\"(max-width: 800px) 100vw, 800px\" \/>\t\t\t\t\t\t\t\t\t\t\t\t\t\t\t<\/div>\n\t\t\t\t<\/div>\n\t\t\t\t<\/div>\n\t\t<div class=\"elementor-element elementor-element-1788be3 e-con-full e-flex elementor-invisible e-con e-child\" data-id=\"1788be3\" data-element_type=\"container\" data-e-type=\"container\" data-settings=\"{&quot;animation&quot;:&quot;fadeInUp&quot;}\">\n\t\t<div class=\"elementor-element elementor-element-1bd2d89 e-con-full e-flex e-con e-child\" data-id=\"1bd2d89\" data-element_type=\"container\" data-e-type=\"container\">\n\t\t\t\t<div class=\"elementor-element elementor-element-0c1c905 elementor-widget elementor-widget-image\" data-id=\"0c1c905\" data-element_type=\"widget\" data-e-type=\"widget\" data-widget_type=\"image.default\">\n\t\t\t\t\t\t\t\t\t\t\t\t\t\t\t<img loading=\"lazy\" decoding=\"async\" width=\"800\" height=\"534\" src=\"https:\/\/intandem.com.ar\/wp-content\/uploads\/2026\/02\/hydromax-3-1024x684.webp\" class=\"attachment-large size-large wp-image-675\" alt=\"\" srcset=\"https:\/\/intandem.com.ar\/wp-content\/uploads\/2026\/02\/hydromax-3-1024x684.webp 1024w, https:\/\/intandem.com.ar\/wp-content\/uploads\/2026\/02\/hydromax-3-300x200.webp 300w, https:\/\/intandem.com.ar\/wp-content\/uploads\/2026\/02\/hydromax-3-768x513.webp 768w, https:\/\/intandem.com.ar\/wp-content\/uploads\/2026\/02\/hydromax-3-1536x1025.webp 1536w, https:\/\/intandem.com.ar\/wp-content\/uploads\/2026\/02\/hydromax-3-2048x1367.webp 2048w\" sizes=\"(max-width: 800px) 100vw, 800px\" \/>\t\t\t\t\t\t\t\t\t\t\t\t\t\t\t<\/div>\n\t\t\t\t<\/div>\n\t\t<div class=\"elementor-element elementor-element-2578217 e-con-full e-flex e-con e-child\" data-id=\"2578217\" data-element_type=\"container\" data-e-type=\"container\">\n\t\t\t\t<div class=\"elementor-element elementor-element-9cc9c30 elementor-widget elementor-widget-image\" data-id=\"9cc9c30\" data-element_type=\"widget\" data-e-type=\"widget\" data-widget_type=\"image.default\">\n\t\t\t\t\t\t\t\t\t\t\t\t\t\t\t<img loading=\"lazy\" decoding=\"async\" width=\"598\" height=\"1024\" src=\"https:\/\/intandem.com.ar\/wp-content\/uploads\/2026\/02\/hydromax-7-598x1024.webp\" class=\"attachment-large size-large wp-image-679\" alt=\"\" srcset=\"https:\/\/intandem.com.ar\/wp-content\/uploads\/2026\/02\/hydromax-7-598x1024.webp 598w, https:\/\/intandem.com.ar\/wp-content\/uploads\/2026\/02\/hydromax-7-175x300.webp 175w, https:\/\/intandem.com.ar\/wp-content\/uploads\/2026\/02\/hydromax-7-768x1314.webp 768w, https:\/\/intandem.com.ar\/wp-content\/uploads\/2026\/02\/hydromax-7-898x1536.webp 898w, https:\/\/intandem.com.ar\/wp-content\/uploads\/2026\/02\/hydromax-7-1197x2048.webp 1197w, https:\/\/intandem.com.ar\/wp-content\/uploads\/2026\/02\/hydromax-7.webp 1469w\" sizes=\"(max-width: 598px) 100vw, 598px\" \/>\t\t\t\t\t\t\t\t\t\t\t\t\t\t\t<\/div>\n\t\t\t\t<\/div>\n\t\t<div class=\"elementor-element elementor-element-7d11147 e-con-full e-flex e-con e-child\" data-id=\"7d11147\" data-element_type=\"container\" data-e-type=\"container\">\n\t\t\t\t<div class=\"elementor-element elementor-element-b726865 elementor-widget elementor-widget-image\" data-id=\"b726865\" data-element_type=\"widget\" data-e-type=\"widget\" data-widget_type=\"image.default\">\n\t\t\t\t\t\t\t\t\t\t\t\t\t\t\t<img loading=\"lazy\" decoding=\"async\" width=\"598\" height=\"1024\" src=\"https:\/\/intandem.com.ar\/wp-content\/uploads\/2026\/02\/hydromax-7-598x1024.webp\" class=\"attachment-large size-large wp-image-679\" alt=\"\" srcset=\"https:\/\/intandem.com.ar\/wp-content\/uploads\/2026\/02\/hydromax-7-598x1024.webp 598w, https:\/\/intandem.com.ar\/wp-content\/uploads\/2026\/02\/hydromax-7-175x300.webp 175w, https:\/\/intandem.com.ar\/wp-content\/uploads\/2026\/02\/hydromax-7-768x1314.webp 768w, https:\/\/intandem.com.ar\/wp-content\/uploads\/2026\/02\/hydromax-7-898x1536.webp 898w, https:\/\/intandem.com.ar\/wp-content\/uploads\/2026\/02\/hydromax-7-1197x2048.webp 1197w, https:\/\/intandem.com.ar\/wp-content\/uploads\/2026\/02\/hydromax-7.webp 1469w\" sizes=\"(max-width: 598px) 100vw, 598px\" \/>\t\t\t\t\t\t\t\t\t\t\t\t\t\t\t<\/div>\n\t\t\t\t<\/div>\n\t\t\t\t<\/div>\n\t\t\t\t\t<\/div>\n\t\t\t\t<\/div>\n\t\t\t\t<\/div>\n\t\t","protected":false},"excerpt":{"rendered":"<p>Clientes Conf\u00edan y confiaron en nosotros HYDROMAX INSTALACIONES SANITARIAS Marca Local. Estrategia integral de Marketing. Tipolog\u00eda local comercial. P\u00e1gina Web. Redes Sociales. Meta Ads. Campa\u00f1as medios tradicionales: Via p\u00fablica. Acciones promocionales.<\/p>\n","protected":false},"author":1,"featured_media":0,"parent":0,"menu_order":0,"comment_status":"closed","ping_status":"closed","template":"","meta":{"footnotes":""},"class_list":["post-711","page","type-page","status-publish","hentry"],"_links":{"self":[{"href":"https:\/\/intandem.com.ar\/index.php?rest_route=\/wp\/v2\/pages\/711","targetHints":{"allow":["GET"]}}],"collection":[{"href":"https:\/\/intandem.com.ar\/index.php?rest_route=\/wp\/v2\/pages"}],"about":[{"href":"https:\/\/intandem.com.ar\/index.php?rest_route=\/wp\/v2\/types\/page"}],"author":[{"embeddable":true,"href":"https:\/\/intandem.com.ar\/index.php?rest_route=\/wp\/v2\/users\/1"}],"replies":[{"embeddable":true,"href":"https:\/\/intandem.com.ar\/index.php?rest_route=%2Fwp%2Fv2%2Fcomments&post=711"}],"version-history":[{"count":16,"href":"https:\/\/intandem.com.ar\/index.php?rest_route=\/wp\/v2\/pages\/711\/revisions"}],"predecessor-version":[{"id":731,"href":"https:\/\/intandem.com.ar\/index.php?rest_route=\/wp\/v2\/pages\/711\/revisions\/731"}],"wp:attachment":[{"href":"https:\/\/intandem.com.ar\/index.php?rest_route=%2Fwp%2Fv2%2Fmedia&parent=711"}],"curies":[{"name":"wp","href":"https:\/\/api.w.org\/{rel}","templated":true}]}}