{"id":702,"date":"2026-02-23T10:18:24","date_gmt":"2026-02-23T10:18:24","guid":{"rendered":"https:\/\/intandem.com.ar\/?page_id=702"},"modified":"2026-02-23T16:04:08","modified_gmt":"2026-02-23T16:04:08","slug":"clientes-caminoa","status":"publish","type":"page","link":"https:\/\/intandem.com.ar\/?page_id=702","title":{"rendered":"Clientes &#8211; Caminoa"},"content":{"rendered":"\t\t<div data-elementor-type=\"wp-page\" data-elementor-id=\"702\" class=\"elementor elementor-702\" data-elementor-post-type=\"page\">\n\t\t\t\t<div class=\"elementor-element elementor-element-9d9c85a e-flex e-con-boxed e-con e-parent\" data-id=\"9d9c85a\" data-element_type=\"container\" data-e-type=\"container\" data-settings=\"{&quot;background_background&quot;:&quot;classic&quot;}\">\n\t\t\t\t\t<div class=\"e-con-inner\">\n\t\t\t\t<div class=\"elementor-element elementor-element-11e3915 elementor-widget elementor-widget-heading\" data-id=\"11e3915\" data-element_type=\"widget\" data-e-type=\"widget\" data-widget_type=\"heading.default\">\n\t\t\t\t\t<h1 class=\"elementor-heading-title elementor-size-default\">Clientes<\/h1>\t\t\t\t<\/div>\n\t\t\t\t\t<\/div>\n\t\t\t\t<\/div>\n\t\t<div class=\"elementor-element elementor-element-13d2286 e-con-full e-flex elementor-invisible e-con e-parent\" data-id=\"13d2286\" data-element_type=\"container\" data-e-type=\"container\" data-settings=\"{&quot;background_background&quot;:&quot;classic&quot;,&quot;animation&quot;:&quot;fadeIn&quot;}\">\n\t\t\t\t<div class=\"elementor-element elementor-element-5f708a9 elementor-invisible elementor-widget elementor-widget-heading\" data-id=\"5f708a9\" data-element_type=\"widget\" data-e-type=\"widget\" data-settings=\"{&quot;_animation&quot;:&quot;fadeIn&quot;}\" data-widget_type=\"heading.default\">\n\t\t\t\t\t<h1 class=\"elementor-heading-title elementor-size-default\">Conf\u00edan y confiaron en nosotros<\/h1>\t\t\t\t<\/div>\n\t\t<div class=\"elementor-element elementor-element-56771e7 e-con-full e-flex e-con e-child\" data-id=\"56771e7\" data-element_type=\"container\" data-e-type=\"container\" data-settings=\"{&quot;background_background&quot;:&quot;classic&quot;}\">\n\t\t\t\t<div class=\"elementor-element elementor-element-c238299 elementor-widget elementor-widget-image-carousel\" data-id=\"c238299\" data-element_type=\"widget\" data-e-type=\"widget\" data-settings=\"{&quot;slides_to_show&quot;:&quot;6&quot;,&quot;navigation&quot;:&quot;none&quot;,&quot;autoplay_speed&quot;:0,&quot;speed&quot;:5000,&quot;image_spacing_custom&quot;:{&quot;unit&quot;:&quot;px&quot;,&quot;size&quot;:50,&quot;sizes&quot;:[]},&quot;slides_to_show_mobile&quot;:&quot;3&quot;,&quot;autoplay&quot;:&quot;yes&quot;,&quot;infinite&quot;:&quot;yes&quot;,&quot;image_spacing_custom_tablet&quot;:{&quot;unit&quot;:&quot;px&quot;,&quot;size&quot;:&quot;&quot;,&quot;sizes&quot;:[]},&quot;image_spacing_custom_mobile&quot;:{&quot;unit&quot;:&quot;px&quot;,&quot;size&quot;:&quot;&quot;,&quot;sizes&quot;:[]}}\" data-widget_type=\"image-carousel.default\">\n\t\t\t\t\t\t\t<div class=\"elementor-image-carousel-wrapper swiper\" role=\"region\" aria-roledescription=\"carousel\" aria-label=\"Carrusel de im\u00e1genes\" dir=\"ltr\">\n\t\t\t<div class=\"elementor-image-carousel swiper-wrapper\" aria-live=\"off\">\n\t\t\t\t\t\t\t\t<div class=\"swiper-slide\" role=\"group\" aria-roledescription=\"slide\" aria-label=\"1 of 6\"><figure class=\"swiper-slide-inner\"><img decoding=\"async\" class=\"swiper-slide-image\" src=\"https:\/\/intandem.com.ar\/wp-content\/uploads\/2026\/02\/logo-hydromax-1536x473.webp\" alt=\"logo-hydromax\" \/><\/figure><\/div><div class=\"swiper-slide\" role=\"group\" aria-roledescription=\"slide\" aria-label=\"2 of 6\"><figure class=\"swiper-slide-inner\"><img decoding=\"async\" class=\"swiper-slide-image\" src=\"https:\/\/intandem.com.ar\/wp-content\/uploads\/2026\/02\/logo-caminoa.webp\" alt=\"logo-caminoa\" \/><\/figure><\/div><div class=\"swiper-slide\" role=\"group\" aria-roledescription=\"slide\" aria-label=\"3 of 6\"><figure class=\"swiper-slide-inner\"><img decoding=\"async\" class=\"swiper-slide-image\" src=\"https:\/\/intandem.com.ar\/wp-content\/uploads\/2026\/02\/logo-volvo-scaled-e1771868096146-1536x208.webp\" alt=\"logo-volvo\" \/><\/figure><\/div><div class=\"swiper-slide\" role=\"group\" aria-roledescription=\"slide\" aria-label=\"4 of 6\"><figure class=\"swiper-slide-inner\"><img decoding=\"async\" class=\"swiper-slide-image\" src=\"https:\/\/intandem.com.ar\/wp-content\/uploads\/2026\/02\/logo-color-e1771867440638.webp\" alt=\"logo color\" \/><\/figure><\/div><div class=\"swiper-slide\" role=\"group\" aria-roledescription=\"slide\" aria-label=\"5 of 6\"><figure class=\"swiper-slide-inner\"><img decoding=\"async\" class=\"swiper-slide-image\" src=\"https:\/\/intandem.com.ar\/wp-content\/uploads\/2026\/02\/logo-enzob-1536x565.webp\" alt=\"logo-enzob\" \/><\/figure><\/div><div class=\"swiper-slide\" role=\"group\" aria-roledescription=\"slide\" aria-label=\"6 of 6\"><figure class=\"swiper-slide-inner\"><img decoding=\"async\" class=\"swiper-slide-image\" src=\"https:\/\/intandem.com.ar\/wp-content\/uploads\/2026\/02\/logo-boreal.webp\" alt=\"logo-boreal\" \/><\/figure><\/div>\t\t\t<\/div>\n\t\t\t\t\t\t\t\n\t\t\t\t\t\t\t\t\t<\/div>\n\t\t\t\t\t\t<\/div>\n\t\t\t\t<\/div>\n\t\t<div class=\"elementor-element elementor-element-ad55767 e-con-full e-flex e-con e-child\" data-id=\"ad55767\" data-element_type=\"container\" data-e-type=\"container\" data-settings=\"{&quot;background_background&quot;:&quot;classic&quot;}\">\n\t\t\t\t<div class=\"elementor-element elementor-element-986c4b9 elementor-widget elementor-widget-image-carousel\" data-id=\"986c4b9\" data-element_type=\"widget\" data-e-type=\"widget\" data-settings=\"{&quot;slides_to_show&quot;:&quot;6&quot;,&quot;navigation&quot;:&quot;none&quot;,&quot;autoplay_speed&quot;:0,&quot;speed&quot;:5000,&quot;image_spacing_custom&quot;:{&quot;unit&quot;:&quot;px&quot;,&quot;size&quot;:50,&quot;sizes&quot;:[]},&quot;slides_to_show_mobile&quot;:&quot;3&quot;,&quot;autoplay&quot;:&quot;yes&quot;,&quot;infinite&quot;:&quot;yes&quot;,&quot;image_spacing_custom_tablet&quot;:{&quot;unit&quot;:&quot;px&quot;,&quot;size&quot;:&quot;&quot;,&quot;sizes&quot;:[]},&quot;image_spacing_custom_mobile&quot;:{&quot;unit&quot;:&quot;px&quot;,&quot;size&quot;:&quot;&quot;,&quot;sizes&quot;:[]}}\" data-widget_type=\"image-carousel.default\">\n\t\t\t\t\t\t\t<div class=\"elementor-image-carousel-wrapper swiper\" role=\"region\" aria-roledescription=\"carousel\" aria-label=\"Carrusel de im\u00e1genes\" dir=\"rtl\">\n\t\t\t<div class=\"elementor-image-carousel swiper-wrapper\" aria-live=\"off\">\n\t\t\t\t\t\t\t\t<div class=\"swiper-slide\" role=\"group\" aria-roledescription=\"slide\" aria-label=\"1 of 6\"><figure class=\"swiper-slide-inner\"><img decoding=\"async\" class=\"swiper-slide-image\" src=\"https:\/\/intandem.com.ar\/wp-content\/uploads\/2026\/02\/logo-scania.webp\" alt=\"logo-scania\" \/><\/figure><\/div><div class=\"swiper-slide\" role=\"group\" aria-roledescription=\"slide\" aria-label=\"2 of 6\"><figure class=\"swiper-slide-inner\"><img decoding=\"async\" class=\"swiper-slide-image\" src=\"https:\/\/intandem.com.ar\/wp-content\/uploads\/2026\/02\/logo-maderplak.webp\" alt=\"logo-maderplak\" \/><\/figure><\/div><div class=\"swiper-slide\" role=\"group\" aria-roledescription=\"slide\" aria-label=\"3 of 6\"><figure class=\"swiper-slide-inner\"><img decoding=\"async\" class=\"swiper-slide-image\" src=\"https:\/\/intandem.com.ar\/wp-content\/uploads\/2026\/02\/logo-ampere.webp\" alt=\"logo-ampere\" \/><\/figure><\/div><div class=\"swiper-slide\" role=\"group\" aria-roledescription=\"slide\" aria-label=\"4 of 6\"><figure class=\"swiper-slide-inner\"><img decoding=\"async\" class=\"swiper-slide-image\" src=\"https:\/\/intandem.com.ar\/wp-content\/uploads\/2026\/02\/logo-refinor.webp\" alt=\"logo-refinor\" \/><\/figure><\/div><div class=\"swiper-slide\" role=\"group\" aria-roledescription=\"slide\" aria-label=\"5 of 6\"><figure class=\"swiper-slide-inner\"><img decoding=\"async\" class=\"swiper-slide-image\" src=\"https:\/\/intandem.com.ar\/wp-content\/uploads\/2026\/02\/logo-saxum.webp\" alt=\"logo-saxum\" \/><\/figure><\/div><div class=\"swiper-slide\" role=\"group\" aria-roledescription=\"slide\" aria-label=\"6 of 6\"><figure class=\"swiper-slide-inner\"><img decoding=\"async\" class=\"swiper-slide-image\" src=\"https:\/\/intandem.com.ar\/wp-content\/uploads\/2026\/02\/logo-bwa.webp\" alt=\"logo-bwa\" \/><\/figure><\/div>\t\t\t<\/div>\n\t\t\t\t\t\t\t\n\t\t\t\t\t\t\t\t\t<\/div>\n\t\t\t\t\t\t<\/div>\n\t\t\t\t<\/div>\n\t\t\t\t<\/div>\n\t\t<div class=\"elementor-element elementor-element-4eb07c8 e-flex e-con-boxed e-con e-parent\" data-id=\"4eb07c8\" data-element_type=\"container\" data-e-type=\"container\" data-settings=\"{&quot;background_background&quot;:&quot;classic&quot;}\">\n\t\t\t\t\t<div class=\"e-con-inner\">\n\t\t\t\t<div class=\"elementor-element elementor-element-9a83e2e elementor-invisible elementor-widget elementor-widget-heading\" data-id=\"9a83e2e\" data-element_type=\"widget\" data-e-type=\"widget\" data-settings=\"{&quot;_animation&quot;:&quot;fadeInUp&quot;}\" data-widget_type=\"heading.default\">\n\t\t\t\t\t<h2 class=\"elementor-heading-title elementor-size-default\">CAMINOA CONCESIONARIA VOLVO TRUCKS<\/h2>\t\t\t\t<\/div>\n\t\t\t\t<div class=\"elementor-element elementor-element-3a2ad39 elementor-invisible elementor-widget elementor-widget-text-editor\" data-id=\"3a2ad39\" data-element_type=\"widget\" data-e-type=\"widget\" data-settings=\"{&quot;_animation&quot;:&quot;fadeInUp&quot;}\" data-widget_type=\"text-editor.default\">\n\t\t\t\t\t\t\t\t\t<p>Marca Regional. Estrategia integral de Marketing. Im\u00e1gen corporativa. Manual de marca. Locales comerciales. P\u00e1gina web. Redes Sociales. Meta Ads. Campa\u00f1as WhatsApp. Campa\u00f1as medios tradicionales: radio, diarios. Eventos corporativos. Comunicaci\u00f3n interna. Campa\u00f1as en conjunto con Volvo Trucks Argentina. Merchandising. Packaging. Carteler\u00eda y banners internos.<\/p>\t\t\t\t\t\t\t\t<\/div>\n\t\t<div class=\"elementor-element elementor-element-469f19b e-con-full e-flex elementor-invisible e-con e-child\" data-id=\"469f19b\" data-element_type=\"container\" data-e-type=\"container\" data-settings=\"{&quot;animation&quot;:&quot;fadeInUp&quot;}\">\n\t\t<div class=\"elementor-element elementor-element-de1d5a6 e-con-full e-flex e-con e-child\" data-id=\"de1d5a6\" data-element_type=\"container\" data-e-type=\"container\">\n\t\t\t\t<div class=\"elementor-element elementor-element-f76c2fb elementor-widget elementor-widget-image\" data-id=\"f76c2fb\" data-element_type=\"widget\" data-e-type=\"widget\" data-widget_type=\"image.default\">\n\t\t\t\t\t\t\t\t\t\t\t\t\t\t\t<img fetchpriority=\"high\" decoding=\"async\" width=\"800\" height=\"763\" src=\"https:\/\/intandem.com.ar\/wp-content\/uploads\/2026\/02\/caminoa-2-1024x977.webp\" class=\"attachment-large size-large wp-image-682\" alt=\"\" srcset=\"https:\/\/intandem.com.ar\/wp-content\/uploads\/2026\/02\/caminoa-2-1024x977.webp 1024w, https:\/\/intandem.com.ar\/wp-content\/uploads\/2026\/02\/caminoa-2-300x286.webp 300w, https:\/\/intandem.com.ar\/wp-content\/uploads\/2026\/02\/caminoa-2-768x733.webp 768w, https:\/\/intandem.com.ar\/wp-content\/uploads\/2026\/02\/caminoa-2.webp 1226w\" sizes=\"(max-width: 800px) 100vw, 800px\" \/>\t\t\t\t\t\t\t\t\t\t\t\t\t\t\t<\/div>\n\t\t\t\t<\/div>\n\t\t<div class=\"elementor-element elementor-element-1950d3f e-con-full e-flex e-con e-child\" data-id=\"1950d3f\" data-element_type=\"container\" data-e-type=\"container\">\n\t\t\t\t<div class=\"elementor-element elementor-element-fddb39e elementor-widget elementor-widget-image\" data-id=\"fddb39e\" data-element_type=\"widget\" data-e-type=\"widget\" data-widget_type=\"image.default\">\n\t\t\t\t\t\t\t\t\t\t\t\t\t\t\t<img decoding=\"async\" width=\"800\" height=\"796\" src=\"https:\/\/intandem.com.ar\/wp-content\/uploads\/2026\/02\/caminoa-3-1024x1019.webp\" class=\"attachment-large size-large wp-image-683\" alt=\"\" srcset=\"https:\/\/intandem.com.ar\/wp-content\/uploads\/2026\/02\/caminoa-3-1024x1019.webp 1024w, https:\/\/intandem.com.ar\/wp-content\/uploads\/2026\/02\/caminoa-3-300x300.webp 300w, https:\/\/intandem.com.ar\/wp-content\/uploads\/2026\/02\/caminoa-3-150x150.webp 150w, https:\/\/intandem.com.ar\/wp-content\/uploads\/2026\/02\/caminoa-3-768x764.webp 768w, https:\/\/intandem.com.ar\/wp-content\/uploads\/2026\/02\/caminoa-3.webp 1054w\" sizes=\"(max-width: 800px) 100vw, 800px\" \/>\t\t\t\t\t\t\t\t\t\t\t\t\t\t\t<\/div>\n\t\t\t\t<\/div>\n\t\t<div class=\"elementor-element elementor-element-1dfcbd8 e-con-full e-flex e-con e-child\" data-id=\"1dfcbd8\" data-element_type=\"container\" data-e-type=\"container\">\n\t\t\t\t<div class=\"elementor-element elementor-element-af6b46d elementor-widget elementor-widget-image\" data-id=\"af6b46d\" data-element_type=\"widget\" data-e-type=\"widget\" data-widget_type=\"image.default\">\n\t\t\t\t\t\t\t\t\t\t\t\t\t\t\t<img fetchpriority=\"high\" decoding=\"async\" width=\"800\" height=\"763\" src=\"https:\/\/intandem.com.ar\/wp-content\/uploads\/2026\/02\/caminoa-2-1024x977.webp\" class=\"attachment-large size-large wp-image-682\" alt=\"\" srcset=\"https:\/\/intandem.com.ar\/wp-content\/uploads\/2026\/02\/caminoa-2-1024x977.webp 1024w, https:\/\/intandem.com.ar\/wp-content\/uploads\/2026\/02\/caminoa-2-300x286.webp 300w, https:\/\/intandem.com.ar\/wp-content\/uploads\/2026\/02\/caminoa-2-768x733.webp 768w, https:\/\/intandem.com.ar\/wp-content\/uploads\/2026\/02\/caminoa-2.webp 1226w\" sizes=\"(max-width: 800px) 100vw, 800px\" \/>\t\t\t\t\t\t\t\t\t\t\t\t\t\t\t<\/div>\n\t\t\t\t<\/div>\n\t\t\t\t<\/div>\n\t\t<div class=\"elementor-element elementor-element-983fdde e-con-full e-flex elementor-invisible e-con e-child\" data-id=\"983fdde\" data-element_type=\"container\" data-e-type=\"container\" data-settings=\"{&quot;animation&quot;:&quot;fadeInUp&quot;}\">\n\t\t<div class=\"elementor-element elementor-element-10f497c e-con-full e-flex e-con e-child\" data-id=\"10f497c\" data-element_type=\"container\" data-e-type=\"container\">\n\t\t\t\t<div class=\"elementor-element elementor-element-202f72a elementor-widget elementor-widget-image\" data-id=\"202f72a\" data-element_type=\"widget\" data-e-type=\"widget\" data-widget_type=\"image.default\">\n\t\t\t\t\t\t\t\t\t\t\t\t\t\t\t<img decoding=\"async\" width=\"682\" height=\"1024\" src=\"https:\/\/intandem.com.ar\/wp-content\/uploads\/2026\/02\/caminoa-4-682x1024.webp\" class=\"attachment-large size-large wp-image-684\" alt=\"\" srcset=\"https:\/\/intandem.com.ar\/wp-content\/uploads\/2026\/02\/caminoa-4-682x1024.webp 682w, https:\/\/intandem.com.ar\/wp-content\/uploads\/2026\/02\/caminoa-4-200x300.webp 200w, https:\/\/intandem.com.ar\/wp-content\/uploads\/2026\/02\/caminoa-4-768x1153.webp 768w, https:\/\/intandem.com.ar\/wp-content\/uploads\/2026\/02\/caminoa-4-1023x1536.webp 1023w, https:\/\/intandem.com.ar\/wp-content\/uploads\/2026\/02\/caminoa-4.webp 1066w\" sizes=\"(max-width: 682px) 100vw, 682px\" \/>\t\t\t\t\t\t\t\t\t\t\t\t\t\t\t<\/div>\n\t\t\t\t<\/div>\n\t\t<div class=\"elementor-element elementor-element-ff0395a e-con-full e-flex e-con e-child\" data-id=\"ff0395a\" data-element_type=\"container\" data-e-type=\"container\">\n\t\t\t\t<div class=\"elementor-element elementor-element-6b18e8e elementor-widget elementor-widget-image\" data-id=\"6b18e8e\" data-element_type=\"widget\" data-e-type=\"widget\" data-widget_type=\"image.default\">\n\t\t\t\t\t\t\t\t\t\t\t\t\t\t\t<img loading=\"lazy\" decoding=\"async\" width=\"755\" height=\"1024\" src=\"https:\/\/intandem.com.ar\/wp-content\/uploads\/2026\/02\/caminoa-8-755x1024.webp\" class=\"attachment-large size-large wp-image-688\" alt=\"\" srcset=\"https:\/\/intandem.com.ar\/wp-content\/uploads\/2026\/02\/caminoa-8-755x1024.webp 755w, https:\/\/intandem.com.ar\/wp-content\/uploads\/2026\/02\/caminoa-8-221x300.webp 221w, https:\/\/intandem.com.ar\/wp-content\/uploads\/2026\/02\/caminoa-8-768x1042.webp 768w, https:\/\/intandem.com.ar\/wp-content\/uploads\/2026\/02\/caminoa-8-1132x1536.webp 1132w, https:\/\/intandem.com.ar\/wp-content\/uploads\/2026\/02\/caminoa-8-1509x2048.webp 1509w, https:\/\/intandem.com.ar\/wp-content\/uploads\/2026\/02\/caminoa-8.webp 1586w\" sizes=\"(max-width: 755px) 100vw, 755px\" \/>\t\t\t\t\t\t\t\t\t\t\t\t\t\t\t<\/div>\n\t\t\t\t<\/div>\n\t\t<div class=\"elementor-element elementor-element-9b87ee6 e-con-full e-flex e-con e-child\" data-id=\"9b87ee6\" data-element_type=\"container\" data-e-type=\"container\">\n\t\t\t\t<div class=\"elementor-element elementor-element-b11b40f elementor-widget elementor-widget-image\" data-id=\"b11b40f\" data-element_type=\"widget\" data-e-type=\"widget\" data-widget_type=\"image.default\">\n\t\t\t\t\t\t\t\t\t\t\t\t\t\t\t<img loading=\"lazy\" decoding=\"async\" width=\"752\" height=\"1024\" src=\"https:\/\/intandem.com.ar\/wp-content\/uploads\/2026\/02\/caminoa-9-752x1024.webp\" class=\"attachment-large size-large wp-image-689\" alt=\"\" srcset=\"https:\/\/intandem.com.ar\/wp-content\/uploads\/2026\/02\/caminoa-9-752x1024.webp 752w, https:\/\/intandem.com.ar\/wp-content\/uploads\/2026\/02\/caminoa-9-220x300.webp 220w, https:\/\/intandem.com.ar\/wp-content\/uploads\/2026\/02\/caminoa-9-768x1046.webp 768w, https:\/\/intandem.com.ar\/wp-content\/uploads\/2026\/02\/caminoa-9-1128x1536.webp 1128w, https:\/\/intandem.com.ar\/wp-content\/uploads\/2026\/02\/caminoa-9-1503x2048.webp 1503w, https:\/\/intandem.com.ar\/wp-content\/uploads\/2026\/02\/caminoa-9.webp 1579w\" sizes=\"(max-width: 752px) 100vw, 752px\" \/>\t\t\t\t\t\t\t\t\t\t\t\t\t\t\t<\/div>\n\t\t\t\t<\/div>\n\t\t<div class=\"elementor-element elementor-element-93ac2ef e-con-full e-flex e-con e-child\" data-id=\"93ac2ef\" data-element_type=\"container\" data-e-type=\"container\">\n\t\t\t\t<div class=\"elementor-element elementor-element-ff3c283 elementor-widget elementor-widget-image\" data-id=\"ff3c283\" data-element_type=\"widget\" data-e-type=\"widget\" data-widget_type=\"image.default\">\n\t\t\t\t\t\t\t\t\t\t\t\t\t\t\t<img loading=\"lazy\" decoding=\"async\" width=\"755\" height=\"1024\" src=\"https:\/\/intandem.com.ar\/wp-content\/uploads\/2026\/02\/caminoa-8-755x1024.webp\" class=\"attachment-large size-large wp-image-688\" alt=\"\" srcset=\"https:\/\/intandem.com.ar\/wp-content\/uploads\/2026\/02\/caminoa-8-755x1024.webp 755w, https:\/\/intandem.com.ar\/wp-content\/uploads\/2026\/02\/caminoa-8-221x300.webp 221w, https:\/\/intandem.com.ar\/wp-content\/uploads\/2026\/02\/caminoa-8-768x1042.webp 768w, https:\/\/intandem.com.ar\/wp-content\/uploads\/2026\/02\/caminoa-8-1132x1536.webp 1132w, https:\/\/intandem.com.ar\/wp-content\/uploads\/2026\/02\/caminoa-8-1509x2048.webp 1509w, https:\/\/intandem.com.ar\/wp-content\/uploads\/2026\/02\/caminoa-8.webp 1586w\" sizes=\"(max-width: 755px) 100vw, 755px\" \/>\t\t\t\t\t\t\t\t\t\t\t\t\t\t\t<\/div>\n\t\t\t\t<\/div>\n\t\t\t\t<\/div>\n\t\t<div class=\"elementor-element elementor-element-53a8602 e-con-full e-flex elementor-invisible e-con e-child\" data-id=\"53a8602\" data-element_type=\"container\" data-e-type=\"container\" data-settings=\"{&quot;animation&quot;:&quot;fadeInUp&quot;}\">\n\t\t<div class=\"elementor-element elementor-element-35241e2 e-con-full e-flex e-con e-child\" data-id=\"35241e2\" data-element_type=\"container\" data-e-type=\"container\">\n\t\t\t\t<div class=\"elementor-element elementor-element-560282d elementor-widget elementor-widget-image\" data-id=\"560282d\" data-element_type=\"widget\" data-e-type=\"widget\" data-widget_type=\"image.default\">\n\t\t\t\t\t\t\t\t\t\t\t\t\t\t\t<img loading=\"lazy\" decoding=\"async\" width=\"683\" height=\"1024\" src=\"https:\/\/intandem.com.ar\/wp-content\/uploads\/2026\/02\/caminoa-6-683x1024.webp\" class=\"attachment-large size-large wp-image-686\" alt=\"\" srcset=\"https:\/\/intandem.com.ar\/wp-content\/uploads\/2026\/02\/caminoa-6-683x1024.webp 683w, https:\/\/intandem.com.ar\/wp-content\/uploads\/2026\/02\/caminoa-6-200x300.webp 200w, https:\/\/intandem.com.ar\/wp-content\/uploads\/2026\/02\/caminoa-6-768x1152.webp 768w, https:\/\/intandem.com.ar\/wp-content\/uploads\/2026\/02\/caminoa-6-1024x1536.webp 1024w, https:\/\/intandem.com.ar\/wp-content\/uploads\/2026\/02\/caminoa-6-1365x2048.webp 1365w, https:\/\/intandem.com.ar\/wp-content\/uploads\/2026\/02\/caminoa-6-scaled.webp 1707w\" sizes=\"(max-width: 683px) 100vw, 683px\" \/>\t\t\t\t\t\t\t\t\t\t\t\t\t\t\t<\/div>\n\t\t\t\t<\/div>\n\t\t<div class=\"elementor-element elementor-element-71e0a9d e-con-full e-flex e-con e-child\" data-id=\"71e0a9d\" data-element_type=\"container\" data-e-type=\"container\">\n\t\t\t\t<div class=\"elementor-element elementor-element-2c983d9 elementor-widget elementor-widget-image\" data-id=\"2c983d9\" data-element_type=\"widget\" data-e-type=\"widget\" data-widget_type=\"image.default\">\n\t\t\t\t\t\t\t\t\t\t\t\t\t\t\t<img loading=\"lazy\" decoding=\"async\" width=\"800\" height=\"1000\" src=\"https:\/\/intandem.com.ar\/wp-content\/uploads\/2026\/02\/caminoa-5-819x1024.webp\" class=\"attachment-large size-large wp-image-685\" alt=\"\" srcset=\"https:\/\/intandem.com.ar\/wp-content\/uploads\/2026\/02\/caminoa-5-819x1024.webp 819w, https:\/\/intandem.com.ar\/wp-content\/uploads\/2026\/02\/caminoa-5-240x300.webp 240w, https:\/\/intandem.com.ar\/wp-content\/uploads\/2026\/02\/caminoa-5-768x960.webp 768w, https:\/\/intandem.com.ar\/wp-content\/uploads\/2026\/02\/caminoa-5.webp 1080w\" sizes=\"(max-width: 800px) 100vw, 800px\" \/>\t\t\t\t\t\t\t\t\t\t\t\t\t\t\t<\/div>\n\t\t\t\t<\/div>\n\t\t<div class=\"elementor-element elementor-element-7e77b46 e-con-full e-flex e-con e-child\" data-id=\"7e77b46\" data-element_type=\"container\" data-e-type=\"container\">\n\t\t\t\t<div class=\"elementor-element elementor-element-05fbe48 elementor-widget elementor-widget-image\" data-id=\"05fbe48\" data-element_type=\"widget\" data-e-type=\"widget\" data-widget_type=\"image.default\">\n\t\t\t\t\t\t\t\t\t\t\t\t\t\t\t<img loading=\"lazy\" decoding=\"async\" width=\"800\" height=\"578\" src=\"https:\/\/intandem.com.ar\/wp-content\/uploads\/2026\/02\/caminoa-7-1024x740.webp\" class=\"attachment-large size-large wp-image-687\" alt=\"\" srcset=\"https:\/\/intandem.com.ar\/wp-content\/uploads\/2026\/02\/caminoa-7-1024x740.webp 1024w, https:\/\/intandem.com.ar\/wp-content\/uploads\/2026\/02\/caminoa-7-300x217.webp 300w, https:\/\/intandem.com.ar\/wp-content\/uploads\/2026\/02\/caminoa-7-768x555.webp 768w, https:\/\/intandem.com.ar\/wp-content\/uploads\/2026\/02\/caminoa-7-1536x1110.webp 1536w, https:\/\/intandem.com.ar\/wp-content\/uploads\/2026\/02\/caminoa-7-2048x1480.webp 2048w\" sizes=\"(max-width: 800px) 100vw, 800px\" \/>\t\t\t\t\t\t\t\t\t\t\t\t\t\t\t<\/div>\n\t\t\t\t<\/div>\n\t\t\t\t<\/div>\n\t\t\t\t\t<\/div>\n\t\t\t\t<\/div>\n\t\t\t\t<\/div>\n\t\t","protected":false},"excerpt":{"rendered":"<p>Clientes Conf\u00edan y confiaron en nosotros CAMINOA CONCESIONARIA VOLVO TRUCKS Marca Regional. Estrategia integral de Marketing. Im\u00e1gen corporativa. Manual de marca. Locales comerciales. P\u00e1gina web. Redes Sociales. Meta Ads. Campa\u00f1as WhatsApp. Campa\u00f1as medios tradicionales: radio, diarios. Eventos corporativos. Comunicaci\u00f3n interna. Campa\u00f1as en conjunto con Volvo Trucks Argentina. Merchandising. Packaging. Carteler\u00eda y banners internos.<\/p>\n","protected":false},"author":1,"featured_media":0,"parent":0,"menu_order":0,"comment_status":"closed","ping_status":"closed","template":"","meta":{"footnotes":""},"class_list":["post-702","page","type-page","status-publish","hentry"],"_links":{"self":[{"href":"https:\/\/intandem.com.ar\/index.php?rest_route=\/wp\/v2\/pages\/702","targetHints":{"allow":["GET"]}}],"collection":[{"href":"https:\/\/intandem.com.ar\/index.php?rest_route=\/wp\/v2\/pages"}],"about":[{"href":"https:\/\/intandem.com.ar\/index.php?rest_route=\/wp\/v2\/types\/page"}],"author":[{"embeddable":true,"href":"https:\/\/intandem.com.ar\/index.php?rest_route=\/wp\/v2\/users\/1"}],"replies":[{"embeddable":true,"href":"https:\/\/intandem.com.ar\/index.php?rest_route=%2Fwp%2Fv2%2Fcomments&post=702"}],"version-history":[{"count":10,"href":"https:\/\/intandem.com.ar\/index.php?rest_route=\/wp\/v2\/pages\/702\/revisions"}],"predecessor-version":[{"id":734,"href":"https:\/\/intandem.com.ar\/index.php?rest_route=\/wp\/v2\/pages\/702\/revisions\/734"}],"wp:attachment":[{"href":"https:\/\/intandem.com.ar\/index.php?rest_route=%2Fwp%2Fv2%2Fmedia&parent=702"}],"curies":[{"name":"wp","href":"https:\/\/api.w.org\/{rel}","templated":true}]}}