{"id":690,"date":"2026-02-23T10:07:56","date_gmt":"2026-02-23T10:07:56","guid":{"rendered":"https:\/\/intandem.com.ar\/?page_id=690"},"modified":"2026-02-23T16:05:32","modified_gmt":"2026-02-23T16:05:32","slug":"clientes-housen","status":"publish","type":"page","link":"https:\/\/intandem.com.ar\/?page_id=690","title":{"rendered":"Clientes &#8211; Housen"},"content":{"rendered":"\t\t<div data-elementor-type=\"wp-page\" data-elementor-id=\"690\" class=\"elementor elementor-690\" data-elementor-post-type=\"page\">\n\t\t\t\t<div class=\"elementor-element elementor-element-9abfd0e e-flex e-con-boxed e-con e-parent\" data-id=\"9abfd0e\" data-element_type=\"container\" data-e-type=\"container\" data-settings=\"{&quot;background_background&quot;:&quot;classic&quot;}\">\n\t\t\t\t\t<div class=\"e-con-inner\">\n\t\t\t\t<div class=\"elementor-element elementor-element-9487b0a elementor-widget elementor-widget-heading\" data-id=\"9487b0a\" data-element_type=\"widget\" data-e-type=\"widget\" data-widget_type=\"heading.default\">\n\t\t\t\t\t<h1 class=\"elementor-heading-title elementor-size-default\">Clientes<\/h1>\t\t\t\t<\/div>\n\t\t\t\t\t<\/div>\n\t\t\t\t<\/div>\n\t\t<div class=\"elementor-element elementor-element-a1fc350 e-con-full e-flex elementor-invisible e-con e-parent\" data-id=\"a1fc350\" data-element_type=\"container\" data-e-type=\"container\" data-settings=\"{&quot;background_background&quot;:&quot;classic&quot;,&quot;animation&quot;:&quot;fadeIn&quot;}\">\n\t\t\t\t<div class=\"elementor-element elementor-element-eb491e1 elementor-invisible elementor-widget elementor-widget-heading\" data-id=\"eb491e1\" data-element_type=\"widget\" data-e-type=\"widget\" data-settings=\"{&quot;_animation&quot;:&quot;fadeIn&quot;}\" data-widget_type=\"heading.default\">\n\t\t\t\t\t<h1 class=\"elementor-heading-title elementor-size-default\">Conf\u00edan y confiaron en nosotros<\/h1>\t\t\t\t<\/div>\n\t\t<div class=\"elementor-element elementor-element-939bb8d e-con-full e-flex e-con e-child\" data-id=\"939bb8d\" data-element_type=\"container\" data-e-type=\"container\" data-settings=\"{&quot;background_background&quot;:&quot;classic&quot;}\">\n\t\t\t\t<div class=\"elementor-element elementor-element-99ab8ae elementor-widget elementor-widget-image-carousel\" data-id=\"99ab8ae\" data-element_type=\"widget\" data-e-type=\"widget\" data-settings=\"{&quot;slides_to_show&quot;:&quot;6&quot;,&quot;navigation&quot;:&quot;none&quot;,&quot;autoplay_speed&quot;:0,&quot;speed&quot;:5000,&quot;image_spacing_custom&quot;:{&quot;unit&quot;:&quot;px&quot;,&quot;size&quot;:50,&quot;sizes&quot;:[]},&quot;slides_to_show_mobile&quot;:&quot;3&quot;,&quot;autoplay&quot;:&quot;yes&quot;,&quot;infinite&quot;:&quot;yes&quot;,&quot;image_spacing_custom_tablet&quot;:{&quot;unit&quot;:&quot;px&quot;,&quot;size&quot;:&quot;&quot;,&quot;sizes&quot;:[]},&quot;image_spacing_custom_mobile&quot;:{&quot;unit&quot;:&quot;px&quot;,&quot;size&quot;:&quot;&quot;,&quot;sizes&quot;:[]}}\" data-widget_type=\"image-carousel.default\">\n\t\t\t\t\t\t\t<div class=\"elementor-image-carousel-wrapper swiper\" role=\"region\" aria-roledescription=\"carousel\" aria-label=\"Carrusel de im\u00e1genes\" dir=\"ltr\">\n\t\t\t<div class=\"elementor-image-carousel swiper-wrapper\" aria-live=\"off\">\n\t\t\t\t\t\t\t\t<div class=\"swiper-slide\" role=\"group\" aria-roledescription=\"slide\" aria-label=\"1 of 6\"><figure class=\"swiper-slide-inner\"><img decoding=\"async\" class=\"swiper-slide-image\" src=\"https:\/\/intandem.com.ar\/wp-content\/uploads\/2026\/02\/logo-hydromax-1536x473.webp\" alt=\"logo-hydromax\" \/><\/figure><\/div><div class=\"swiper-slide\" role=\"group\" aria-roledescription=\"slide\" aria-label=\"2 of 6\"><figure class=\"swiper-slide-inner\"><img decoding=\"async\" class=\"swiper-slide-image\" src=\"https:\/\/intandem.com.ar\/wp-content\/uploads\/2026\/02\/logo-caminoa.webp\" alt=\"logo-caminoa\" \/><\/figure><\/div><div class=\"swiper-slide\" role=\"group\" aria-roledescription=\"slide\" aria-label=\"3 of 6\"><figure class=\"swiper-slide-inner\"><img decoding=\"async\" class=\"swiper-slide-image\" src=\"https:\/\/intandem.com.ar\/wp-content\/uploads\/2026\/02\/logo-volvo-scaled-e1771868096146-1536x208.webp\" alt=\"logo-volvo\" \/><\/figure><\/div><div class=\"swiper-slide\" role=\"group\" aria-roledescription=\"slide\" aria-label=\"4 of 6\"><figure class=\"swiper-slide-inner\"><img decoding=\"async\" class=\"swiper-slide-image\" src=\"https:\/\/intandem.com.ar\/wp-content\/uploads\/2026\/02\/logo-color-e1771867440638.webp\" alt=\"logo color\" \/><\/figure><\/div><div class=\"swiper-slide\" role=\"group\" aria-roledescription=\"slide\" aria-label=\"5 of 6\"><figure class=\"swiper-slide-inner\"><img decoding=\"async\" class=\"swiper-slide-image\" src=\"https:\/\/intandem.com.ar\/wp-content\/uploads\/2026\/02\/logo-enzob-1536x565.webp\" alt=\"logo-enzob\" \/><\/figure><\/div><div class=\"swiper-slide\" role=\"group\" aria-roledescription=\"slide\" aria-label=\"6 of 6\"><figure class=\"swiper-slide-inner\"><img decoding=\"async\" class=\"swiper-slide-image\" src=\"https:\/\/intandem.com.ar\/wp-content\/uploads\/2026\/02\/logo-boreal.webp\" alt=\"logo-boreal\" \/><\/figure><\/div>\t\t\t<\/div>\n\t\t\t\t\t\t\t\n\t\t\t\t\t\t\t\t\t<\/div>\n\t\t\t\t\t\t<\/div>\n\t\t\t\t<\/div>\n\t\t<div class=\"elementor-element elementor-element-8b61df0 e-con-full e-flex e-con e-child\" data-id=\"8b61df0\" data-element_type=\"container\" data-e-type=\"container\" data-settings=\"{&quot;background_background&quot;:&quot;classic&quot;}\">\n\t\t\t\t<div class=\"elementor-element elementor-element-9cf2bc5 elementor-widget elementor-widget-image-carousel\" data-id=\"9cf2bc5\" data-element_type=\"widget\" data-e-type=\"widget\" data-settings=\"{&quot;slides_to_show&quot;:&quot;6&quot;,&quot;navigation&quot;:&quot;none&quot;,&quot;autoplay_speed&quot;:0,&quot;speed&quot;:5000,&quot;image_spacing_custom&quot;:{&quot;unit&quot;:&quot;px&quot;,&quot;size&quot;:50,&quot;sizes&quot;:[]},&quot;slides_to_show_mobile&quot;:&quot;3&quot;,&quot;autoplay&quot;:&quot;yes&quot;,&quot;infinite&quot;:&quot;yes&quot;,&quot;image_spacing_custom_tablet&quot;:{&quot;unit&quot;:&quot;px&quot;,&quot;size&quot;:&quot;&quot;,&quot;sizes&quot;:[]},&quot;image_spacing_custom_mobile&quot;:{&quot;unit&quot;:&quot;px&quot;,&quot;size&quot;:&quot;&quot;,&quot;sizes&quot;:[]}}\" data-widget_type=\"image-carousel.default\">\n\t\t\t\t\t\t\t<div class=\"elementor-image-carousel-wrapper swiper\" role=\"region\" aria-roledescription=\"carousel\" aria-label=\"Carrusel de im\u00e1genes\" dir=\"rtl\">\n\t\t\t<div class=\"elementor-image-carousel swiper-wrapper\" aria-live=\"off\">\n\t\t\t\t\t\t\t\t<div class=\"swiper-slide\" role=\"group\" aria-roledescription=\"slide\" aria-label=\"1 of 6\"><figure class=\"swiper-slide-inner\"><img decoding=\"async\" class=\"swiper-slide-image\" src=\"https:\/\/intandem.com.ar\/wp-content\/uploads\/2026\/02\/logo-scania.webp\" alt=\"logo-scania\" \/><\/figure><\/div><div class=\"swiper-slide\" role=\"group\" aria-roledescription=\"slide\" aria-label=\"2 of 6\"><figure class=\"swiper-slide-inner\"><img decoding=\"async\" class=\"swiper-slide-image\" src=\"https:\/\/intandem.com.ar\/wp-content\/uploads\/2026\/02\/logo-maderplak.webp\" alt=\"logo-maderplak\" \/><\/figure><\/div><div class=\"swiper-slide\" role=\"group\" aria-roledescription=\"slide\" aria-label=\"3 of 6\"><figure class=\"swiper-slide-inner\"><img decoding=\"async\" class=\"swiper-slide-image\" src=\"https:\/\/intandem.com.ar\/wp-content\/uploads\/2026\/02\/logo-ampere.webp\" alt=\"logo-ampere\" \/><\/figure><\/div><div class=\"swiper-slide\" role=\"group\" aria-roledescription=\"slide\" aria-label=\"4 of 6\"><figure class=\"swiper-slide-inner\"><img decoding=\"async\" class=\"swiper-slide-image\" src=\"https:\/\/intandem.com.ar\/wp-content\/uploads\/2026\/02\/logo-refinor.webp\" alt=\"logo-refinor\" \/><\/figure><\/div><div class=\"swiper-slide\" role=\"group\" aria-roledescription=\"slide\" aria-label=\"5 of 6\"><figure class=\"swiper-slide-inner\"><img decoding=\"async\" class=\"swiper-slide-image\" src=\"https:\/\/intandem.com.ar\/wp-content\/uploads\/2026\/02\/logo-saxum.webp\" alt=\"logo-saxum\" \/><\/figure><\/div><div class=\"swiper-slide\" role=\"group\" aria-roledescription=\"slide\" aria-label=\"6 of 6\"><figure class=\"swiper-slide-inner\"><img decoding=\"async\" class=\"swiper-slide-image\" src=\"https:\/\/intandem.com.ar\/wp-content\/uploads\/2026\/02\/logo-bwa.webp\" alt=\"logo-bwa\" \/><\/figure><\/div>\t\t\t<\/div>\n\t\t\t\t\t\t\t\n\t\t\t\t\t\t\t\t\t<\/div>\n\t\t\t\t\t\t<\/div>\n\t\t\t\t<\/div>\n\t\t\t\t<\/div>\n\t\t<div class=\"elementor-element elementor-element-61efba4 e-flex e-con-boxed e-con e-parent\" data-id=\"61efba4\" data-element_type=\"container\" data-e-type=\"container\" data-settings=\"{&quot;background_background&quot;:&quot;classic&quot;}\">\n\t\t\t\t\t<div class=\"e-con-inner\">\n\t\t\t\t<div class=\"elementor-element elementor-element-eca5ee1 elementor-invisible elementor-widget elementor-widget-heading\" data-id=\"eca5ee1\" data-element_type=\"widget\" data-e-type=\"widget\" data-settings=\"{&quot;_animation&quot;:&quot;fadeInUp&quot;}\" data-widget_type=\"heading.default\">\n\t\t\t\t\t<h2 class=\"elementor-heading-title elementor-size-default\">HOUSEN DECO DESIGN<\/h2>\t\t\t\t<\/div>\n\t\t\t\t<div class=\"elementor-element elementor-element-fd739d0 elementor-invisible elementor-widget elementor-widget-text-editor\" data-id=\"fd739d0\" data-element_type=\"widget\" data-e-type=\"widget\" data-settings=\"{&quot;_animation&quot;:&quot;fadeInUp&quot;}\" data-widget_type=\"text-editor.default\">\n\t\t\t\t\t\t\t\t\t<p>Textiles para el hogar. Marca Nacional. Estrategia integral de Email Marketing. C\u00e1talogo de productos. Redes Sociales. Marketing. Im\u00e1gen corporativa. Manual de marca. Packaging. Campa\u00f1as Meta Ads. Merchandising. Estampas productos. Ecommerce\/Tienda Nube. Campa\u00f1a de<\/p>\t\t\t\t\t\t\t\t<\/div>\n\t\t<div class=\"elementor-element elementor-element-c63bfa8 e-con-full e-flex elementor-invisible e-con e-child\" data-id=\"c63bfa8\" data-element_type=\"container\" data-e-type=\"container\" data-settings=\"{&quot;animation&quot;:&quot;fadeInUp&quot;}\">\n\t\t<div class=\"elementor-element elementor-element-f221d5d e-con-full e-flex e-con e-child\" data-id=\"f221d5d\" data-element_type=\"container\" data-e-type=\"container\">\n\t\t\t\t<div class=\"elementor-element elementor-element-203d8a1 elementor-widget elementor-widget-image\" data-id=\"203d8a1\" data-element_type=\"widget\" data-e-type=\"widget\" data-widget_type=\"image.default\">\n\t\t\t\t\t\t\t\t\t\t\t\t\t\t\t<img fetchpriority=\"high\" decoding=\"async\" width=\"800\" height=\"571\" src=\"https:\/\/intandem.com.ar\/wp-content\/uploads\/2026\/02\/housen-3-1024x731.webp\" class=\"attachment-large size-large wp-image-666\" alt=\"\" srcset=\"https:\/\/intandem.com.ar\/wp-content\/uploads\/2026\/02\/housen-3-1024x731.webp 1024w, https:\/\/intandem.com.ar\/wp-content\/uploads\/2026\/02\/housen-3-300x214.webp 300w, https:\/\/intandem.com.ar\/wp-content\/uploads\/2026\/02\/housen-3-768x549.webp 768w, https:\/\/intandem.com.ar\/wp-content\/uploads\/2026\/02\/housen-3-1536x1097.webp 1536w, https:\/\/intandem.com.ar\/wp-content\/uploads\/2026\/02\/housen-3-2048x1463.webp 2048w\" sizes=\"(max-width: 800px) 100vw, 800px\" \/>\t\t\t\t\t\t\t\t\t\t\t\t\t\t\t<\/div>\n\t\t\t\t<\/div>\n\t\t<div class=\"elementor-element elementor-element-895bc3c e-con-full e-flex e-con e-child\" data-id=\"895bc3c\" data-element_type=\"container\" data-e-type=\"container\">\n\t\t\t\t<div class=\"elementor-element elementor-element-f2cd510 elementor-widget elementor-widget-image\" data-id=\"f2cd510\" data-element_type=\"widget\" data-e-type=\"widget\" data-widget_type=\"image.default\">\n\t\t\t\t\t\t\t\t\t\t\t\t\t\t\t<img decoding=\"async\" width=\"800\" height=\"450\" src=\"https:\/\/intandem.com.ar\/wp-content\/uploads\/2026\/02\/housen-6-1024x576.webp\" class=\"attachment-large size-large wp-image-669\" alt=\"\" srcset=\"https:\/\/intandem.com.ar\/wp-content\/uploads\/2026\/02\/housen-6-1024x576.webp 1024w, https:\/\/intandem.com.ar\/wp-content\/uploads\/2026\/02\/housen-6-300x169.webp 300w, https:\/\/intandem.com.ar\/wp-content\/uploads\/2026\/02\/housen-6-768x432.webp 768w, https:\/\/intandem.com.ar\/wp-content\/uploads\/2026\/02\/housen-6-1536x864.webp 1536w, https:\/\/intandem.com.ar\/wp-content\/uploads\/2026\/02\/housen-6-2048x1151.webp 2048w\" sizes=\"(max-width: 800px) 100vw, 800px\" \/>\t\t\t\t\t\t\t\t\t\t\t\t\t\t\t<\/div>\n\t\t\t\t<\/div>\n\t\t\t\t<\/div>\n\t\t<div class=\"elementor-element elementor-element-e90faef e-con-full e-flex elementor-invisible e-con e-child\" data-id=\"e90faef\" data-element_type=\"container\" data-e-type=\"container\" data-settings=\"{&quot;animation&quot;:&quot;fadeInUp&quot;}\">\n\t\t<div class=\"elementor-element elementor-element-f5cb9a0 e-con-full e-flex e-con e-child\" data-id=\"f5cb9a0\" data-element_type=\"container\" data-e-type=\"container\">\n\t\t\t\t<div class=\"elementor-element elementor-element-2664533 elementor-widget elementor-widget-image\" data-id=\"2664533\" data-element_type=\"widget\" data-e-type=\"widget\" data-widget_type=\"image.default\">\n\t\t\t\t\t\t\t\t\t\t\t\t\t\t\t<img decoding=\"async\" width=\"800\" height=\"571\" src=\"https:\/\/intandem.com.ar\/wp-content\/uploads\/2026\/02\/housen-7-1024x731.webp\" class=\"attachment-large size-large wp-image-670\" alt=\"\" srcset=\"https:\/\/intandem.com.ar\/wp-content\/uploads\/2026\/02\/housen-7-1024x731.webp 1024w, https:\/\/intandem.com.ar\/wp-content\/uploads\/2026\/02\/housen-7-300x214.webp 300w, https:\/\/intandem.com.ar\/wp-content\/uploads\/2026\/02\/housen-7-768x549.webp 768w, https:\/\/intandem.com.ar\/wp-content\/uploads\/2026\/02\/housen-7-1536x1097.webp 1536w, https:\/\/intandem.com.ar\/wp-content\/uploads\/2026\/02\/housen-7-2048x1463.webp 2048w\" sizes=\"(max-width: 800px) 100vw, 800px\" \/>\t\t\t\t\t\t\t\t\t\t\t\t\t\t\t<\/div>\n\t\t\t\t<\/div>\n\t\t<div class=\"elementor-element elementor-element-fb76c47 e-con-full e-flex e-con e-child\" data-id=\"fb76c47\" data-element_type=\"container\" data-e-type=\"container\">\n\t\t\t\t<div class=\"elementor-element elementor-element-3f8eb01 elementor-widget elementor-widget-image\" data-id=\"3f8eb01\" data-element_type=\"widget\" data-e-type=\"widget\" data-widget_type=\"image.default\">\n\t\t\t\t\t\t\t\t\t\t\t\t\t\t\t<img loading=\"lazy\" decoding=\"async\" width=\"800\" height=\"575\" src=\"https:\/\/intandem.com.ar\/wp-content\/uploads\/2026\/02\/housen-8-1024x736.webp\" class=\"attachment-large size-large wp-image-671\" alt=\"\" srcset=\"https:\/\/intandem.com.ar\/wp-content\/uploads\/2026\/02\/housen-8-1024x736.webp 1024w, https:\/\/intandem.com.ar\/wp-content\/uploads\/2026\/02\/housen-8-300x216.webp 300w, https:\/\/intandem.com.ar\/wp-content\/uploads\/2026\/02\/housen-8-768x552.webp 768w, https:\/\/intandem.com.ar\/wp-content\/uploads\/2026\/02\/housen-8-1536x1104.webp 1536w, https:\/\/intandem.com.ar\/wp-content\/uploads\/2026\/02\/housen-8-2048x1472.webp 2048w\" sizes=\"(max-width: 800px) 100vw, 800px\" \/>\t\t\t\t\t\t\t\t\t\t\t\t\t\t\t<\/div>\n\t\t\t\t<\/div>\n\t\t<div class=\"elementor-element elementor-element-507d4ae e-con-full e-flex e-con e-child\" data-id=\"507d4ae\" data-element_type=\"container\" data-e-type=\"container\">\n\t\t\t\t<div class=\"elementor-element elementor-element-692333d elementor-widget elementor-widget-image\" data-id=\"692333d\" data-element_type=\"widget\" data-e-type=\"widget\" data-widget_type=\"image.default\">\n\t\t\t\t\t\t\t\t\t\t\t\t\t\t\t<img loading=\"lazy\" decoding=\"async\" width=\"800\" height=\"566\" src=\"https:\/\/intandem.com.ar\/wp-content\/uploads\/2026\/02\/housen-4-1024x724.webp\" class=\"attachment-large size-large wp-image-667\" alt=\"\" srcset=\"https:\/\/intandem.com.ar\/wp-content\/uploads\/2026\/02\/housen-4-1024x724.webp 1024w, https:\/\/intandem.com.ar\/wp-content\/uploads\/2026\/02\/housen-4-300x212.webp 300w, https:\/\/intandem.com.ar\/wp-content\/uploads\/2026\/02\/housen-4-768x543.webp 768w, https:\/\/intandem.com.ar\/wp-content\/uploads\/2026\/02\/housen-4-1536x1086.webp 1536w, https:\/\/intandem.com.ar\/wp-content\/uploads\/2026\/02\/housen-4-2048x1448.webp 2048w\" sizes=\"(max-width: 800px) 100vw, 800px\" \/>\t\t\t\t\t\t\t\t\t\t\t\t\t\t\t<\/div>\n\t\t\t\t<\/div>\n\t\t\t\t<\/div>\n\t\t<div class=\"elementor-element elementor-element-0529504 e-con-full e-flex elementor-invisible e-con e-child\" data-id=\"0529504\" data-element_type=\"container\" data-e-type=\"container\" data-settings=\"{&quot;animation&quot;:&quot;fadeInUp&quot;}\">\n\t\t<div class=\"elementor-element elementor-element-c2d623b e-con-full e-flex e-con e-child\" data-id=\"c2d623b\" data-element_type=\"container\" data-e-type=\"container\">\n\t\t\t\t<div class=\"elementor-element elementor-element-3f663af elementor-widget elementor-widget-image\" data-id=\"3f663af\" data-element_type=\"widget\" data-e-type=\"widget\" data-widget_type=\"image.default\">\n\t\t\t\t\t\t\t\t\t\t\t\t\t\t\t<img loading=\"lazy\" decoding=\"async\" width=\"800\" height=\"1000\" src=\"https:\/\/intandem.com.ar\/wp-content\/uploads\/2026\/02\/housen-2-819x1024.webp\" class=\"attachment-large size-large wp-image-665\" alt=\"\" srcset=\"https:\/\/intandem.com.ar\/wp-content\/uploads\/2026\/02\/housen-2-819x1024.webp 819w, https:\/\/intandem.com.ar\/wp-content\/uploads\/2026\/02\/housen-2-240x300.webp 240w, https:\/\/intandem.com.ar\/wp-content\/uploads\/2026\/02\/housen-2-768x960.webp 768w, https:\/\/intandem.com.ar\/wp-content\/uploads\/2026\/02\/housen-2.webp 1080w\" sizes=\"(max-width: 800px) 100vw, 800px\" \/>\t\t\t\t\t\t\t\t\t\t\t\t\t\t\t<\/div>\n\t\t\t\t<\/div>\n\t\t<div class=\"elementor-element elementor-element-96aca3c e-con-full e-flex e-con e-child\" data-id=\"96aca3c\" data-element_type=\"container\" data-e-type=\"container\">\n\t\t\t\t<div class=\"elementor-element elementor-element-0b8c0a6 elementor-widget elementor-widget-image\" data-id=\"0b8c0a6\" data-element_type=\"widget\" data-e-type=\"widget\" data-widget_type=\"image.default\">\n\t\t\t\t\t\t\t\t\t\t\t\t\t\t\t<img fetchpriority=\"high\" decoding=\"async\" width=\"800\" height=\"571\" src=\"https:\/\/intandem.com.ar\/wp-content\/uploads\/2026\/02\/housen-3-1024x731.webp\" class=\"attachment-large size-large wp-image-666\" alt=\"\" srcset=\"https:\/\/intandem.com.ar\/wp-content\/uploads\/2026\/02\/housen-3-1024x731.webp 1024w, https:\/\/intandem.com.ar\/wp-content\/uploads\/2026\/02\/housen-3-300x214.webp 300w, https:\/\/intandem.com.ar\/wp-content\/uploads\/2026\/02\/housen-3-768x549.webp 768w, https:\/\/intandem.com.ar\/wp-content\/uploads\/2026\/02\/housen-3-1536x1097.webp 1536w, https:\/\/intandem.com.ar\/wp-content\/uploads\/2026\/02\/housen-3-2048x1463.webp 2048w\" sizes=\"(max-width: 800px) 100vw, 800px\" \/>\t\t\t\t\t\t\t\t\t\t\t\t\t\t\t<\/div>\n\t\t\t\t<\/div>\n\t\t<div class=\"elementor-element elementor-element-f70a7d0 e-con-full e-flex e-con e-child\" data-id=\"f70a7d0\" data-element_type=\"container\" data-e-type=\"container\">\n\t\t\t\t<div class=\"elementor-element elementor-element-148073b elementor-widget elementor-widget-image\" data-id=\"148073b\" data-element_type=\"widget\" data-e-type=\"widget\" data-widget_type=\"image.default\">\n\t\t\t\t\t\t\t\t\t\t\t\t\t\t\t<img loading=\"lazy\" decoding=\"async\" width=\"800\" height=\"554\" src=\"https:\/\/intandem.com.ar\/wp-content\/uploads\/2026\/02\/housen-9-1024x709.webp\" class=\"attachment-large size-large wp-image-672\" alt=\"\" srcset=\"https:\/\/intandem.com.ar\/wp-content\/uploads\/2026\/02\/housen-9-1024x709.webp 1024w, https:\/\/intandem.com.ar\/wp-content\/uploads\/2026\/02\/housen-9-300x208.webp 300w, https:\/\/intandem.com.ar\/wp-content\/uploads\/2026\/02\/housen-9-768x532.webp 768w, https:\/\/intandem.com.ar\/wp-content\/uploads\/2026\/02\/housen-9-1536x1064.webp 1536w, https:\/\/intandem.com.ar\/wp-content\/uploads\/2026\/02\/housen-9-2048x1419.webp 2048w\" sizes=\"(max-width: 800px) 100vw, 800px\" \/>\t\t\t\t\t\t\t\t\t\t\t\t\t\t\t<\/div>\n\t\t\t\t<\/div>\n\t\t\t\t<\/div>\n\t\t\t\t\t<\/div>\n\t\t\t\t<\/div>\n\t\t\t\t<\/div>\n\t\t","protected":false},"excerpt":{"rendered":"<p>Clientes Conf\u00edan y confiaron en nosotros HOUSEN DECO DESIGN Textiles para el hogar. Marca Nacional. Estrategia integral de Email Marketing. C\u00e1talogo de productos. Redes Sociales. Marketing. Im\u00e1gen corporativa. Manual de marca. Packaging. Campa\u00f1as Meta Ads. Merchandising. Estampas productos. Ecommerce\/Tienda Nube. Campa\u00f1a de<\/p>\n","protected":false},"author":1,"featured_media":0,"parent":0,"menu_order":0,"comment_status":"closed","ping_status":"closed","template":"","meta":{"footnotes":""},"class_list":["post-690","page","type-page","status-publish","hentry"],"_links":{"self":[{"href":"https:\/\/intandem.com.ar\/index.php?rest_route=\/wp\/v2\/pages\/690","targetHints":{"allow":["GET"]}}],"collection":[{"href":"https:\/\/intandem.com.ar\/index.php?rest_route=\/wp\/v2\/pages"}],"about":[{"href":"https:\/\/intandem.com.ar\/index.php?rest_route=\/wp\/v2\/types\/page"}],"author":[{"embeddable":true,"href":"https:\/\/intandem.com.ar\/index.php?rest_route=\/wp\/v2\/users\/1"}],"replies":[{"embeddable":true,"href":"https:\/\/intandem.com.ar\/index.php?rest_route=%2Fwp%2Fv2%2Fcomments&post=690"}],"version-history":[{"count":10,"href":"https:\/\/intandem.com.ar\/index.php?rest_route=\/wp\/v2\/pages\/690\/revisions"}],"predecessor-version":[{"id":740,"href":"https:\/\/intandem.com.ar\/index.php?rest_route=\/wp\/v2\/pages\/690\/revisions\/740"}],"wp:attachment":[{"href":"https:\/\/intandem.com.ar\/index.php?rest_route=%2Fwp%2Fv2%2Fmedia&parent=690"}],"curies":[{"name":"wp","href":"https:\/\/api.w.org\/{rel}","templated":true}]}}