{"id":24,"date":"2025-09-26T10:48:18","date_gmt":"2025-09-26T10:48:18","guid":{"rendered":"https:\/\/intandem.com.ar\/?page_id=24"},"modified":"2026-02-23T09:17:27","modified_gmt":"2026-02-23T09:17:27","slug":"envia-tu-cv","status":"publish","type":"page","link":"https:\/\/intandem.com.ar\/?page_id=24","title":{"rendered":"Envi\u00e1 tu CV"},"content":{"rendered":"\t\t<div data-elementor-type=\"wp-page\" data-elementor-id=\"24\" class=\"elementor elementor-24\" data-elementor-post-type=\"page\">\n\t\t\t\t<div class=\"elementor-element elementor-element-14acf2d e-flex e-con-boxed elementor-invisible e-con e-parent\" data-id=\"14acf2d\" data-element_type=\"container\" data-e-type=\"container\" data-settings=\"{&quot;background_background&quot;:&quot;classic&quot;,&quot;animation&quot;:&quot;fadeIn&quot;}\">\n\t\t\t\t\t<div class=\"e-con-inner\">\n\t\t\t\t<div class=\"elementor-element elementor-element-3b098f9 elementor-widget elementor-widget-heading\" data-id=\"3b098f9\" data-element_type=\"widget\" data-e-type=\"widget\" data-widget_type=\"heading.default\">\n\t\t\t\t\t<h1 class=\"elementor-heading-title elementor-size-default\">ENVI\u00c1 TU CV<\/h1>\t\t\t\t<\/div>\n\t\t\t\t\t<\/div>\n\t\t\t\t<\/div>\n\t\t<div class=\"elementor-element elementor-element-d8585c9 e-flex e-con-boxed e-con e-parent\" data-id=\"d8585c9\" data-element_type=\"container\" data-e-type=\"container\">\n\t\t\t\t\t<div class=\"e-con-inner\">\n\t\t\t\t<div class=\"elementor-element elementor-element-50db2bf elementor-invisible elementor-widget elementor-widget-heading\" data-id=\"50db2bf\" data-element_type=\"widget\" data-e-type=\"widget\" data-settings=\"{&quot;_animation&quot;:&quot;fadeInUp&quot;}\" data-widget_type=\"heading.default\">\n\t\t\t\t\t<h2 class=\"elementor-heading-title elementor-size-default\">BUSC\u00c1S TRABAJO?<\/h2>\t\t\t\t<\/div>\n\t\t\t\t<div class=\"elementor-element elementor-element-92c50d9 elementor-invisible elementor-widget elementor-widget-text-editor\" data-id=\"92c50d9\" data-element_type=\"widget\" data-e-type=\"widget\" data-settings=\"{&quot;_animation&quot;:&quot;fadeInUp&quot;}\" data-widget_type=\"text-editor.default\">\n\t\t\t\t\t\t\t\t\t<p><strong>En este espacio pod\u00e9s aplicar a los puestos vacantes publicados y a futuras b\u00fasquedas<\/strong><\/p>\t\t\t\t\t\t\t\t<\/div>\n\t\t\t\t\t<\/div>\n\t\t\t\t<\/div>\n\t\t<div class=\"elementor-element elementor-element-0618f13 e-flex e-con-boxed e-con e-parent\" data-id=\"0618f13\" data-element_type=\"container\" data-e-type=\"container\">\n\t\t\t\t\t<div class=\"e-con-inner\">\n\t\t<div class=\"elementor-element elementor-element-4e4ca3b e-con-full e-flex elementor-invisible e-con e-child\" data-id=\"4e4ca3b\" data-element_type=\"container\" data-e-type=\"container\" data-settings=\"{&quot;animation&quot;:&quot;fadeInLeft&quot;}\">\n\t\t\t\t<div class=\"elementor-element elementor-element-f35d0e5 elementor-widget elementor-widget-shortcode\" data-id=\"f35d0e5\" data-element_type=\"widget\" data-e-type=\"widget\" data-widget_type=\"shortcode.default\">\n\t\t\t\t\t\t\t<div class=\"elementor-shortcode\">\n<div class=\"wpcf7 no-js\" id=\"wpcf7-f68-o1\" lang=\"es-AR\" dir=\"ltr\" data-wpcf7-id=\"68\">\n<div class=\"screen-reader-response\"><p role=\"status\" aria-live=\"polite\" aria-atomic=\"true\"><\/p> <ul><\/ul><\/div>\n<form action=\"\/index.php?rest_route=%2Fwp%2Fv2%2Fpages%2F24#wpcf7-f68-o1\" method=\"post\" class=\"wpcf7-form init\" aria-label=\"Formulario de contacto\" enctype=\"multipart\/form-data\" novalidate=\"novalidate\" data-status=\"init\">\n<fieldset class=\"hidden-fields-container\"><input type=\"hidden\" name=\"_wpcf7\" value=\"68\" \/><input type=\"hidden\" name=\"_wpcf7_version\" value=\"6.1.5\" \/><input type=\"hidden\" name=\"_wpcf7_locale\" value=\"es_AR\" \/><input type=\"hidden\" name=\"_wpcf7_unit_tag\" value=\"wpcf7-f68-o1\" \/><input type=\"hidden\" name=\"_wpcf7_container_post\" value=\"0\" \/><input type=\"hidden\" name=\"_wpcf7_posted_data_hash\" value=\"\" \/>\n<\/fieldset>\n<div class=\"cf7-mock blue-form\">\n <!-- Nombre y Apellido -->\n\t<div class=\"row\">\n\t\t<p><label>Nombre y Apellido<\/label><br \/>\n<span class=\"wpcf7-form-control-wrap\" data-name=\"nombre\"><input size=\"40\" maxlength=\"400\" class=\"wpcf7-form-control wpcf7-text wpcf7-validates-as-required\" aria-required=\"true\" aria-invalid=\"false\" placeholder=\"\" value=\"\" type=\"text\" name=\"nombre\" \/><\/span>\n\t\t<\/p>\n\t<\/div>\n\n <!-- Fecha de Nacimiento + DNI -->\n\t<div class=\"row two\">\n\t\t<div>\n\t\t\t<p><label>Fecha de nacimiento<\/label><br \/>\n<span class=\"wpcf7-form-control-wrap\" data-name=\"fecha_nacimiento\"><input class=\"wpcf7-form-control wpcf7-date wpcf7-validates-as-required wpcf7-validates-as-date\" aria-required=\"true\" aria-invalid=\"false\" value=\"\" type=\"date\" name=\"fecha_nacimiento\" \/><\/span>\n\t\t\t<\/p>\n\t\t<\/div>\n\t\t<div>\n\t\t\t<p><label>DNI<\/label><br \/>\n<span class=\"wpcf7-form-control-wrap\" data-name=\"dni\"><input size=\"40\" maxlength=\"400\" class=\"wpcf7-form-control wpcf7-text wpcf7-validates-as-required\" aria-required=\"true\" aria-invalid=\"false\" value=\"\" type=\"text\" name=\"dni\" \/><\/span>\n\t\t\t<\/p>\n\t\t<\/div>\n\t<\/div>\n\n <!-- Sexo + Tel\u00e9fono -->\n\t<div class=\"row two\">\n\t\t<div>\n\t\t\t<p><label>Sexo<\/label><br \/>\n<span class=\"wpcf7-form-control-wrap\" data-name=\"sexo\"><select class=\"wpcf7-form-control wpcf7-select wpcf7-validates-as-required\" aria-required=\"true\" aria-invalid=\"false\" name=\"sexo\"><option value=\"Masculino\">Masculino<\/option><option value=\"Femenino\">Femenino<\/option><option value=\"Otro\">Otro<\/option><option value=\"Prefiero no decir\">Prefiero no decir<\/option><\/select><\/span>\n\t\t\t<\/p>\n\t\t<\/div>\n\t\t<div>\n\t\t\t<p><label>Tel\u00e9fono<\/label><br \/>\n<span class=\"wpcf7-form-control-wrap\" data-name=\"telefono\"><input size=\"40\" maxlength=\"400\" class=\"wpcf7-form-control wpcf7-tel wpcf7-validates-as-required wpcf7-text wpcf7-validates-as-tel\" aria-required=\"true\" aria-invalid=\"false\" value=\"\" type=\"tel\" name=\"telefono\" \/><\/span>\n\t\t\t<\/p>\n\t\t<\/div>\n\t<\/div>\n\n <!-- Email -->\n\t<div class=\"row\">\n\t\t<p><label>E-mail<\/label><br \/>\n<span class=\"wpcf7-form-control-wrap\" data-name=\"email\"><input size=\"40\" maxlength=\"400\" class=\"wpcf7-form-control wpcf7-email wpcf7-validates-as-required wpcf7-text wpcf7-validates-as-email\" aria-required=\"true\" aria-invalid=\"false\" placeholder=\"tuemail@ejemplo.com\" value=\"\" type=\"email\" name=\"email\" \/><\/span>\n\t\t<\/p>\n\t<\/div>\n\n <!-- Provincia -->\n\t<div class=\"row\">\n\t\t<p><label>Provincia de residencia<\/label><br \/>\n<span class=\"wpcf7-form-control-wrap\" data-name=\"provincia\"><select class=\"wpcf7-form-control wpcf7-select wpcf7-validates-as-required\" aria-required=\"true\" aria-invalid=\"false\" name=\"provincia\"><option value=\"\">&#8212;Por favor, eleg\u00ed una opci\u00f3n&#8212;<\/option><option value=\"Buenos Aires\">Buenos Aires<\/option><option value=\"Ciudad Aut\u00f3noma de Buenos Aires\">Ciudad Aut\u00f3noma de Buenos Aires<\/option><option value=\"Catamarca\">Catamarca<\/option><option value=\"Chaco\">Chaco<\/option><option value=\"Chubut\">Chubut<\/option><option value=\"C\u00f3rdoba\">C\u00f3rdoba<\/option><option value=\"Corrientes\">Corrientes<\/option><option value=\"Entre R\u00edos\">Entre R\u00edos<\/option><option value=\"Formosa\">Formosa<\/option><option value=\"Jujuy\">Jujuy<\/option><option value=\"La Pampa\">La Pampa<\/option><option value=\"La Rioja\">La Rioja<\/option><option value=\"Mendoza\">Mendoza<\/option><option value=\"Misiones\">Misiones<\/option><option value=\"Neuqu\u00e9n\">Neuqu\u00e9n<\/option><option value=\"R\u00edo Negro\">R\u00edo Negro<\/option><option value=\"Salta\">Salta<\/option><option value=\"San Juan\">San Juan<\/option><option value=\"San Luis\">San Luis<\/option><option value=\"Santa Cruz\">Santa Cruz<\/option><option value=\"Santa Fe\">Santa Fe<\/option><option value=\"Santiago del Estero\">Santiago del Estero<\/option><option value=\"Tierra del Fuego\">Tierra del Fuego<\/option><option value=\"Tucum\u00e1n\">Tucum\u00e1n<\/option><\/select><\/span>\n\t\t<\/p>\n\t<\/div>\n\n <!-- Localidad -->\n\t<div class=\"row\">\n\t\t<p><label>Localidad de residencia<\/label><br \/>\n<span class=\"wpcf7-form-control-wrap\" data-name=\"localidad\"><input size=\"40\" maxlength=\"400\" class=\"wpcf7-form-control wpcf7-text wpcf7-validates-as-required\" aria-required=\"true\" aria-invalid=\"false\" placeholder=\"Escribe tu localidad\" value=\"\" type=\"text\" name=\"localidad\" \/><\/span>\n\t\t<\/p>\n\t<\/div>\n\n <!-- \u00c1rea de trabajo -->\n\t<div class=\"row\">\n\t\t<p><label>\u00c1rea de trabajo<\/label><br \/>\n<span class=\"wpcf7-form-control-wrap\" data-name=\"area_trabajo\"><select class=\"wpcf7-form-control wpcf7-select wpcf7-validates-as-required\" aria-required=\"true\" aria-invalid=\"false\" name=\"area_trabajo\"><option value=\"\">&#8212;Por favor, eleg\u00ed una opci\u00f3n&#8212;<\/option><option value=\"Ventas y Comercial\">Ventas y Comercial<\/option><option value=\"Cajeros y Cobranzas\">Cajeros y Cobranzas<\/option><option value=\"Log\u00edstica y Dep\u00f3sito\">Log\u00edstica y Dep\u00f3sito<\/option><option value=\"Call Center y Recepci\u00f3n\">Call Center y Recepci\u00f3n<\/option><option value=\"Administraci\u00f3n y Finanzas\">Administraci\u00f3n y Finanzas<\/option><option value=\"Marketing, Dise\u00f1o y Publicidad\">Marketing, Dise\u00f1o y Publicidad<\/option><option value=\"Recursos Humanos\">Recursos Humanos<\/option><option value=\"Producci\u00f3n y Operaciones\">Producci\u00f3n y Operaciones<\/option><option value=\"Mantenimiento y Servicios T\u00e9cnicos\">Mantenimiento y Servicios T\u00e9cnicos<\/option><option value=\"Gastronom\u00eda y Hoteler\u00eda\">Gastronom\u00eda y Hoteler\u00eda<\/option><option value=\"E-commerce y Ventas Digitales\">E-commerce y Ventas Digitales<\/option><option value=\"Supervisi\u00f3n y Jefaturas\">Supervisi\u00f3n y Jefaturas<\/option><option value=\"Seguridad e Higiene\">Seguridad e Higiene<\/option><option value=\"IT y Soporte Tecnol\u00f3gico\">IT y Soporte Tecnol\u00f3gico<\/option><option value=\"Otros (Especificar)\">Otros (Especificar)<\/option><\/select><\/span><br \/>\n<span class=\"wpcf7-form-control-wrap\" data-name=\"area_trabajo_otro\"><input size=\"40\" maxlength=\"400\" class=\"wpcf7-form-control wpcf7-text\" id=\"area_trabajo_otro\" aria-invalid=\"false\" placeholder=\"Especifica el \u00e1rea\" value=\"\" type=\"text\" name=\"area_trabajo_otro\" \/><\/span>\n\t\t<\/p>\n\t<\/div>\n\n <!-- Botones -->\n\t<div class=\"row actions\">\n\t\t<div class=\"left\">\n\t\t\t<p><span class=\"wpcf7-form-control-wrap\" data-name=\"cv\"><input size=\"40\" class=\"wpcf7-form-control wpcf7-file wpcf7-validates-as-required\" id=\"file-cv\" accept=\".pdf,.doc,.docx\" aria-required=\"true\" aria-invalid=\"false\" type=\"file\" name=\"cv\" \/><\/span><br \/>\n<label class=\"btn btn-secondary\" for=\"file-cv\">Cargar CV<\/label>\n\t\t\t<\/p>\n\t\t<\/div>\n\t\t<div class=\"right\">\n\t\t\t<p><input class=\"wpcf7-form-control wpcf7-submit has-spinner btn btn-primary\" type=\"submit\" value=\"ENVIAR\" \/>\n\t\t\t<\/p>\n\t\t<\/div>\n\t<\/div>\n<\/div><p style=\"display: none !important;\" class=\"akismet-fields-container\" data-prefix=\"_wpcf7_ak_\"><label>&#916;<textarea name=\"_wpcf7_ak_hp_textarea\" cols=\"45\" rows=\"8\" maxlength=\"100\"><\/textarea><\/label><input type=\"hidden\" id=\"ak_js_1\" name=\"_wpcf7_ak_js\" value=\"128\"\/><script>document.getElementById( \"ak_js_1\" ).setAttribute( \"value\", ( new Date() ).getTime() );<\/script><\/p><div class=\"wpcf7-response-output\" aria-hidden=\"true\"><\/div>\n<\/form>\n<\/div>\n<\/div>\n\t\t\t\t\t\t<\/div>\n\t\t\t\t<div class=\"elementor-element elementor-element-a143202 elementor-widget elementor-widget-html\" data-id=\"a143202\" data-element_type=\"widget\" data-e-type=\"widget\" data-widget_type=\"html.default\">\n\t\t\t\t\t<script>\r\ndocument.addEventListener('DOMContentLoaded', () => {\r\n  const areaSel = document.querySelector('select[name=\"area_trabajo\"]');\r\n  const areaTxt = document.querySelector('#area_trabajo_otro');\r\n  if (!areaSel || !areaTxt) return;\r\n\r\n  function toggleAreaOtro() {\r\n    const show = areaSel.value === 'Otros (Especificar)';\r\n    areaTxt.style.display = show ? 'block' : 'none';\r\n    areaTxt.required = show;\r\n  }\r\n\r\n  toggleAreaOtro();\r\n  areaSel.addEventListener('change', toggleAreaOtro);\r\n});\r\n<\/script>\r\n\t\t\t\t<\/div>\n\t\t\t\t<\/div>\n\t\t<div class=\"elementor-element elementor-element-fcf2e96 e-con-full e-flex elementor-invisible e-con e-child\" data-id=\"fcf2e96\" data-element_type=\"container\" data-e-type=\"container\" data-settings=\"{&quot;animation&quot;:&quot;fadeInRight&quot;}\">\n\t\t\t\t<div class=\"elementor-element elementor-element-bf2482a elementor-widget elementor-widget-image\" data-id=\"bf2482a\" data-element_type=\"widget\" data-e-type=\"widget\" data-widget_type=\"image.default\">\n\t\t\t\t\t\t\t\t\t\t\t\t\t\t\t<img fetchpriority=\"high\" decoding=\"async\" width=\"683\" height=\"1024\" src=\"https:\/\/intandem.com.ar\/wp-content\/uploads\/2026\/02\/un-primer-plano-de-los-companeros-de-trabajo-en-el-proceso-de-seleccion-y-seleccion-de-personas-cualificadas-683x1024.webp\" class=\"attachment-large size-large wp-image-621\" alt=\"\" srcset=\"https:\/\/intandem.com.ar\/wp-content\/uploads\/2026\/02\/un-primer-plano-de-los-companeros-de-trabajo-en-el-proceso-de-seleccion-y-seleccion-de-personas-cualificadas-683x1024.webp 683w, https:\/\/intandem.com.ar\/wp-content\/uploads\/2026\/02\/un-primer-plano-de-los-companeros-de-trabajo-en-el-proceso-de-seleccion-y-seleccion-de-personas-cualificadas-200x300.webp 200w, https:\/\/intandem.com.ar\/wp-content\/uploads\/2026\/02\/un-primer-plano-de-los-companeros-de-trabajo-en-el-proceso-de-seleccion-y-seleccion-de-personas-cualificadas-768x1152.webp 768w, https:\/\/intandem.com.ar\/wp-content\/uploads\/2026\/02\/un-primer-plano-de-los-companeros-de-trabajo-en-el-proceso-de-seleccion-y-seleccion-de-personas-cualificadas-1024x1536.webp 1024w, https:\/\/intandem.com.ar\/wp-content\/uploads\/2026\/02\/un-primer-plano-de-los-companeros-de-trabajo-en-el-proceso-de-seleccion-y-seleccion-de-personas-cualificadas-1365x2048.webp 1365w, https:\/\/intandem.com.ar\/wp-content\/uploads\/2026\/02\/un-primer-plano-de-los-companeros-de-trabajo-en-el-proceso-de-seleccion-y-seleccion-de-personas-cualificadas-scaled.webp 1707w\" sizes=\"(max-width: 683px) 100vw, 683px\" \/>\t\t\t\t\t\t\t\t\t\t\t\t\t\t\t<\/div>\n\t\t\t\t<\/div>\n\t\t\t\t\t<\/div>\n\t\t\t\t<\/div>\n\t\t\t\t<\/div>\n\t\t","protected":false},"excerpt":{"rendered":"<p>ENVI\u00c1 TU CV BUSC\u00c1S TRABAJO? En este espacio pod\u00e9s aplicar a los puestos vacantes publicados y a futuras b\u00fasquedas<\/p>\n","protected":false},"author":1,"featured_media":0,"parent":0,"menu_order":0,"comment_status":"closed","ping_status":"closed","template":"","meta":{"footnotes":""},"class_list":["post-24","page","type-page","status-publish","hentry"],"_links":{"self":[{"href":"https:\/\/intandem.com.ar\/index.php?rest_route=\/wp\/v2\/pages\/24","targetHints":{"allow":["GET"]}}],"collection":[{"href":"https:\/\/intandem.com.ar\/index.php?rest_route=\/wp\/v2\/pages"}],"about":[{"href":"https:\/\/intandem.com.ar\/index.php?rest_route=\/wp\/v2\/types\/page"}],"author":[{"embeddable":true,"href":"https:\/\/intandem.com.ar\/index.php?rest_route=\/wp\/v2\/users\/1"}],"replies":[{"embeddable":true,"href":"https:\/\/intandem.com.ar\/index.php?rest_route=%2Fwp%2Fv2%2Fcomments&post=24"}],"version-history":[{"count":100,"href":"https:\/\/intandem.com.ar\/index.php?rest_route=\/wp\/v2\/pages\/24\/revisions"}],"predecessor-version":[{"id":624,"href":"https:\/\/intandem.com.ar\/index.php?rest_route=\/wp\/v2\/pages\/24\/revisions\/624"}],"wp:attachment":[{"href":"https:\/\/intandem.com.ar\/index.php?rest_route=%2Fwp%2Fv2%2Fmedia&parent=24"}],"curies":[{"name":"wp","href":"https:\/\/api.w.org\/{rel}","templated":true}]}}